{"id":3,"date":"2022-03-10T15:53:06","date_gmt":"2022-03-10T15:53:06","guid":{"rendered":"https:\/\/gametia.com\/?page_id=3"},"modified":"2024-09-23T14:31:49","modified_gmt":"2024-09-23T14:31:49","slug":"politica-privacidad","status":"publish","type":"page","link":"https:\/\/gametia.com\/es\/politica-privacidad\/","title":{"rendered":"Pol\u00edtica de privacidad"},"content":{"rendered":"\t\t<div data-elementor-type=\"wp-page\" data-elementor-id=\"3\" class=\"elementor elementor-3\" data-elementor-post-type=\"page\">\n\t\t\t\t\t\t<section class=\"elementor-section elementor-top-section elementor-element elementor-element-3951751f elementor-section-boxed elementor-section-height-default elementor-section-height-default\" data-id=\"3951751f\" data-element_type=\"section\" data-e-type=\"section\">\n\t\t\t\t\t\t<div class=\"elementor-container elementor-column-gap-default\">\n\t\t\t\t\t<div class=\"elementor-column elementor-col-100 elementor-top-column elementor-element elementor-element-5c8b96f5\" data-id=\"5c8b96f5\" data-element_type=\"column\" data-e-type=\"column\">\n\t\t\t<div class=\"elementor-widget-wrap elementor-element-populated\">\n\t\t\t\t\t\t<div class=\"elementor-element elementor-element-31881b4 animated-slow elementor-invisible elementor-widget elementor-widget-heading\" data-id=\"31881b4\" data-element_type=\"widget\" data-e-type=\"widget\" data-settings=\"{&quot;_animation&quot;:&quot;fadeInDown&quot;}\" data-widget_type=\"heading.default\">\n\t\t\t\t<div class=\"elementor-widget-container\">\n\t\t\t\t\t<h1 class=\"elementor-heading-title elementor-size-default\">Pol\u00edtica de privacidad<\/h1>\t\t\t\t<\/div>\n\t\t\t\t<\/div>\n\t\t\t\t<div data-dce-text-color=\"#FFFFFF\" class=\"elementor-element elementor-element-636b016f elementor-invisible elementor-widget elementor-widget-text-editor\" data-id=\"636b016f\" data-element_type=\"widget\" data-e-type=\"widget\" data-settings=\"{&quot;_animation&quot;:&quot;fadeInDown&quot;,&quot;_animation_delay&quot;:150}\" data-widget_type=\"text-editor.default\">\n\t\t\t\t<div class=\"elementor-widget-container\">\n\t\t\t\t\t\t\t\t\t<p>En <strong>GAMETIA BIOBANK<\/strong> nos comprometemos a proteger su privacidad. Queremos ser transparentes sobre los datos que recopilamos, c\u00f3mo los utilizamos y los derechos que usted tiene para controlar sus datos.<\/p><h2><strong>1. Informaci\u00f3n para el usuario<\/strong><\/h2><p>Nextclinics Spain, S.L.U. y sus filiales (a saber, Ceifer Biobanco Sevilla, S.L.U., Centro de Estudio e Investigaci\u00f3n de la Fertilidad S.L. e Instituto de Medicina Reproductiva, S.A.) son responsables del tratamiento de los datos personales del Usuario y le informa que dichos datos ser\u00e1n tratados de conformidad con lo dispuesto en el Reglamento (UE) 2016\/679, de 27 de abril de 2016 (RGPD), relativo a la protecci\u00f3n de las personas f\u00edsicas y la Ley Org\u00e1nica 3\/2018, de 5 de diciembre (LOPDGDD), en lo que respecta al tratamiento de datos personales y a la libre circulaci\u00f3n de estos datos, por lo que le facilita la siguiente informaci\u00f3n sobre el tratamiento:<\/p><h2>\u00bfCon qu\u00e9 fin tratamos sus datos personales?<\/h2><p>Tratamos los datos de los interesados para la gesti\u00f3n y desarrollo de las comunicaciones (contacto con usuarios, resoluci\u00f3n de consultas, etc.) as\u00ed como para atender los servicios solicitados y desarrollar nuestra actividad. Que en este sentido ser\u00e1n:<\/p><ul><li>Nextclinics Spain, S.L.U.: para interconectar a los usuarios que solicitan informaci\u00f3n remitiendo el contacto a dicha filial por raz\u00f3n de ubicaci\u00f3n geogr\u00e1fica y\/o tipo de servicio solicitado.<\/li><li>Centro de Estudio e Investigaci\u00f3n de la Fertilidad S.L.: para informar a aquellos contactos interesados en el banco de semen.<\/li><li>Ceifer Biobanco Sevilla, S.L.: para informar a aquellos contactos nacionales interesados en el banco de ovocitos.<\/li><li>Instituto de Medicina Reproductiva, S.A.: para informar a aquellos contactos internacionales interesados en el banco de ovocitos.<\/li><\/ul><h2>\u00bfQu\u00e9 tipo de datos tratamos?<\/h2><p>Adem\u00e1s de los diferentes medios de obtenci\u00f3n de datos antes mencionados, as\u00ed como de las diferentes finalidades de tratamiento antes descritas, le informamos que los tipos de datos que podemos tratar en nuestro sistema de informaci\u00f3n son:<\/p><ul><li>Nombre y apellidos y datos laborales.<\/li><li>Direcci\u00f3n de correo electr\u00f3nico.<\/li><li>Informaci\u00f3n geogr\u00e1fica<\/li><\/ul><h2>\u00bfCu\u00e1nto tiempo conservaremos sus datos?<\/h2><p>Los datos personales se conservar\u00e1n mientras mantengamos una relaci\u00f3n con usted, ya sea como cliente o como otro tipo de interesado; mientras usted no solicite la supresi\u00f3n de estos datos; o mientras exista alguna disposici\u00f3n o requisito legal que exija su conservaci\u00f3n.<\/p><p>Cuando los datos dejen de ser necesarios para los fines para los que fueron recogidos, se proceder\u00e1 a su supresi\u00f3n, garantizando su confidencialidad.<\/p><h2>\u00bfCu\u00e1l es la base leg\u00edtima para el tratamiento de sus datos?<\/h2><p>La base leg\u00edtima para el tratamiento de sus datos ser\u00e1 el consentimiento, o el inter\u00e9s leg\u00edtimo del responsable del tratamiento para responder a las preguntas que nos planteen los usuarios.<\/p><h2>\u00bfA qu\u00e9 destinatarios se comunicar\u00e1n sus datos?<\/h2><p>Sus datos no se comunicar\u00e1n a terceros, salvo obligaci\u00f3n legal.<\/p><h2>\u00bfCu\u00e1les son sus derechos cuando nos facilita y\/o tratamos sus datos?<\/h2><p>Como interesado, puede pedirnos en cualquier momento que ejerzamos cualquiera de los siguientes derechos que le asisten en materia de protecci\u00f3n de datos:<\/p><ul><li><strong>Acceso a sus datos<\/strong>: Tiene derecho a acceder a sus datos para saber qu\u00e9 datos personales estamos tratando sobre usted.<\/li><li><strong>Solicitar la rectificaci\u00f3n o supresi\u00f3n de sus datos<\/strong>: En determinadas circunstancias, tiene derecho a rectificar aquellos datos personales que considere inexactos y que le conciernan, tratados por LAS ENTIDADES, as\u00ed como a solicitar la supresi\u00f3n de sus datos cuando, entre otros motivos, los datos ya no sean necesarios para los fines que fueron recogidos.<\/li><li><strong>Solicitar la limitaci\u00f3n del tratamiento de sus datos<\/strong>: En determinadas circunstancias, tendr\u00e1 derecho a solicitarnos la limitaci\u00f3n del tratamiento de sus datos, en cuyo caso le informamos de que \u00fanicamente conservaremos los datos cuya limitaci\u00f3n del tratamiento haya solicitado para el ejercicio o la defensa de reclamaciones.<\/li><li><strong>A la portabilidad de sus datos<\/strong>: En determinadas circunstancias, usted tiene derecho a recibir los datos personales que le conciernen, que nos haya facilitado, en un formato estructurado, de uso com\u00fan y lectura mec\u00e1nica y a que nuestra empresa los transfiera a otro responsable del tratamiento.<\/li><li><strong>Oponerse al tratamiento de sus datos<\/strong>: En determinadas circunstancias y por motivos relacionados con su situaci\u00f3n particular, usted tiene derecho a oponerse al tratamiento de sus datos, en cuyo caso, dejar\u00edamos de tratarlos, salvo que por motivos leg\u00edtimos imperiosos o el ejercicio o la defensa de posibles reclamaciones tengamos que seguir haci\u00e9ndolo.<\/li><li>Derecho a presentar una reclamaci\u00f3n ante la autoridad de control si no ha obtenido satisfacci\u00f3n en el ejercicio de sus derechos o si considera que el tratamiento no se ajusta a la normativa vigente, en este caso, ante la Agencia Espa\u00f1ola de Protecci\u00f3n de Datos http:\/\/www.aepd.es.<\/li><\/ul><p>Le informamos de que puede ejercer sus derechos sobre sus datos personales a trav\u00e9s de cualquiera de los siguientes canales:<\/p><h2>Controlador de datos:<\/h2><ul><li>Direcci\u00f3n postal: Avenida Burjassot 3, 46009 Valencia.<\/li><li>Direcci\u00f3n de correo electr\u00f3nico: rgpd@gametia.com<\/li><\/ul><h2>P\u00f3ngase en contacto con nuestro responsable de protecci\u00f3n de datos (RPD)<\/h2><p>\u00bfSab\u00eda que tenemos un delegado de protecci\u00f3n de datos al que puede enviar todas sus quejas, dudas y sugerencias sobre el uso de sus datos personales?<\/p><p>Los datos de contacto de nuestro responsable de protecci\u00f3n de datos son los siguientes:<\/p><p>Correo electr\u00f3nico: delegadodeprotecciondedatos@dataevalua.com. Debe escribir \u00abGametia Biobank\u00bb en el asunto del correo electr\u00f3nico.<\/p><h2>Env\u00edo de comunicaciones o informaci\u00f3n<\/h2><p>Nuestra pol\u00edtica en cuanto al env\u00edo de informaci\u00f3n por medios telem\u00e1ticos (correo electr\u00f3nico, mensajer\u00eda instant\u00e1nea, etc.) se limita a remitir \u00fanicamente comunicaciones que consideremos de inter\u00e9s para nuestros usuarios e interesados, en relaci\u00f3n con las funciones y actividad de la empresa, o que usted haya consentido recibir.<\/p><p>Si prefiere no recibir estos mensajes, le ofreceremos a trav\u00e9s de los mismos la posibilidad de ejercer su derecho de cancelaci\u00f3n y renuncia a la recepci\u00f3n de estos mensajes, de conformidad con lo dispuesto en el T\u00edtulo III, art\u00edculo 22 de la Ley 34\/2002 de Servicios para la Sociedad de la Informaci\u00f3n y Comercio Electr\u00f3nico.<\/p><h2>2. CAR\u00c1CTER OBLIGATORIO O FACULTATIVO DE LA INFORMACI\u00d3N FACILITADA POR EL USUARIO<\/h2><p>El usuario, mediante la marcaci\u00f3n de las casillas correspondientes y la introducci\u00f3n de datos en los campos del formulario de presupuesto, acepta expresamente y de forma libre e inequ\u00edvoca que sus datos son necesarios para que el prestador pueda atender su solicitud, siendo voluntaria la inclusi\u00f3n de datos en los campos restantes.<\/p><p>El usuario garantiza que los datos aportados son verdaderos, exactos, completos y actualizados, siendo responsable de cualquier da\u00f1o o perjuicio, directo o indirecto, que pudiera ocasionarse como consecuencia del incumplimiento de tal obligaci\u00f3n.<\/p><p>En el caso de que el usuario facilite datos de un tercero, garantiza que ha informado a dicho tercero de todos los aspectos contenidos en esta Pol\u00edtica de privacidad y obtenido su consentimiento para facilitarnos sus datos a los efectos del tratamiento de que se trate. Todo ello, con car\u00e1cter previo a la aportaci\u00f3n de datos de un tercero.<\/p><p>En caso de que no se faciliten todos los datos, no se garantiza que la informaci\u00f3n y los servicios prestados se ajusten completamente a sus necesidades.<\/p>\t\t\t\t\t\t\t\t<\/div>\n\t\t\t\t<\/div>\n\t\t\t\t\t<\/div>\n\t\t<\/div>\n\t\t\t\t\t<\/div>\n\t\t<\/section>\n\t\t\t\t<\/div>\n\t\t","protected":false},"excerpt":{"rendered":"<p>En GAMETIA BIOBANK nos comprometemos a proteger su privacidad. Queremos ser transparentes sobre los datos que recopilamos, c\u00f3mo los utilizamos y los derechos que usted tiene para controlar sus datos. 1. Informaci\u00f3n para el usuario Nextclinics Spain, S.L.U. y sus filiales (a saber, Ceifer Biobanco Sevilla, S.L.U., Centro de Estudio e Investigaci\u00f3n de la Fertilidad [&hellip;]<\/p>\n","protected":false},"author":1,"featured_media":0,"parent":0,"menu_order":1,"comment_status":"closed","ping_status":"open","template":"","meta":{"footnotes":""},"class_list":["post-3","page","type-page","status-publish","hentry"],"yoast_head":"<!-- This site is optimized with the Yoast SEO Premium plugin v27.2 (Yoast SEO v27.2) - https:\/\/yoast.com\/product\/yoast-seo-premium-wordpress\/ -->\n<title>Pol\u00edtica de privacidad - gametia.com<\/title>\n<meta name=\"robots\" content=\"index, follow, max-snippet:-1, max-image-preview:large, max-video-preview:-1\" \/>\n<link rel=\"canonical\" href=\"https:\/\/gametia.com\/es\/politica-privacidad\/\" \/>\n<meta property=\"og:locale\" content=\"es_ES\" \/>\n<meta property=\"og:type\" content=\"article\" \/>\n<meta property=\"og:title\" content=\"Pol\u00edtica de privacidad\" \/>\n<meta property=\"og:description\" content=\"En GAMETIA BIOBANK nos comprometemos a proteger su privacidad. Queremos ser transparentes sobre los datos que recopilamos, c\u00f3mo los utilizamos y los derechos que usted tiene para controlar sus datos. 1. Informaci\u00f3n para el usuario Nextclinics Spain, S.L.U. y sus filiales (a saber, Ceifer Biobanco Sevilla, S.L.U., Centro de Estudio e Investigaci\u00f3n de la Fertilidad [&hellip;]\" \/>\n<meta property=\"og:url\" content=\"https:\/\/gametia.com\/es\/politica-privacidad\/\" \/>\n<meta property=\"og:site_name\" content=\"gametia.com\" \/>\n<meta property=\"article:modified_time\" content=\"2024-09-23T14:31:49+00:00\" \/>\n<meta property=\"og:image\" content=\"https:\/\/gametia.com\/wp-content\/uploads\/2023\/10\/gametia.png\" \/>\n\t<meta property=\"og:image:width\" content=\"1200\" \/>\n\t<meta property=\"og:image:height\" content=\"675\" \/>\n\t<meta property=\"og:image:type\" content=\"image\/png\" \/>\n<meta name=\"twitter:card\" content=\"summary_large_image\" \/>\n<meta name=\"twitter:label1\" content=\"Tiempo de lectura\" \/>\n\t<meta name=\"twitter:data1\" content=\"6 minutos\" \/>\n<script type=\"application\/ld+json\" class=\"yoast-schema-graph\">{\"@context\":\"https:\/\/schema.org\",\"@graph\":[{\"@type\":\"WebPage\",\"@id\":\"https:\/\/gametia.com\/es\/politica-privacidad\/\",\"url\":\"https:\/\/gametia.com\/es\/politica-privacidad\/\",\"name\":\"Pol\u00edtica de privacidad - gametia.com\",\"isPartOf\":{\"@id\":\"https:\/\/gametia.com\/es\/#website\"},\"datePublished\":\"2022-03-10T15:53:06+00:00\",\"dateModified\":\"2024-09-23T14:31:49+00:00\",\"breadcrumb\":{\"@id\":\"https:\/\/gametia.com\/es\/politica-privacidad\/#breadcrumb\"},\"inLanguage\":\"es\",\"potentialAction\":[{\"@type\":\"ReadAction\",\"target\":[\"https:\/\/gametia.com\/es\/politica-privacidad\/\"]}]},{\"@type\":\"BreadcrumbList\",\"@id\":\"https:\/\/gametia.com\/es\/politica-privacidad\/#breadcrumb\",\"itemListElement\":[{\"@type\":\"ListItem\",\"position\":1,\"name\":\"Home\",\"item\":\"https:\/\/gametia.com\/es\/\"},{\"@type\":\"ListItem\",\"position\":2,\"name\":\"Pol\u00edtica de privacidad\"}]},{\"@type\":\"WebSite\",\"@id\":\"https:\/\/gametia.com\/es\/#website\",\"url\":\"https:\/\/gametia.com\/es\/\",\"name\":\"gametia.com\",\"description\":\"Gametia - Biobank\",\"publisher\":{\"@id\":\"https:\/\/gametia.com\/es\/#organization\"},\"potentialAction\":[{\"@type\":\"SearchAction\",\"target\":{\"@type\":\"EntryPoint\",\"urlTemplate\":\"https:\/\/gametia.com\/es\/?s={search_term_string}\"},\"query-input\":{\"@type\":\"PropertyValueSpecification\",\"valueRequired\":true,\"valueName\":\"search_term_string\"}}],\"inLanguage\":\"es\"},{\"@type\":\"Organization\",\"@id\":\"https:\/\/gametia.com\/es\/#organization\",\"name\":\"Gametia Biobank\",\"url\":\"https:\/\/gametia.com\/es\/\",\"logo\":{\"@type\":\"ImageObject\",\"inLanguage\":\"es\",\"@id\":\"https:\/\/gametia.com\/es\/#\/schema\/logo\/image\/\",\"url\":\"https:\/\/gametia.com\/wp-content\/uploads\/2023\/10\/logo-gametia.png\",\"contentUrl\":\"https:\/\/gametia.com\/wp-content\/uploads\/2023\/10\/logo-gametia.png\",\"width\":696,\"height\":696,\"caption\":\"Gametia Biobank\"},\"image\":{\"@id\":\"https:\/\/gametia.com\/es\/#\/schema\/logo\/image\/\"},\"sameAs\":[\"https:\/\/www.linkedin.com\/company\/gametia\"]}]}<\/script>\n<!-- \/ Yoast SEO Premium plugin. -->","yoast_head_json":{"title":"Pol\u00edtica de privacidad - gametia.com","robots":{"index":"index","follow":"follow","max-snippet":"max-snippet:-1","max-image-preview":"max-image-preview:large","max-video-preview":"max-video-preview:-1"},"canonical":"https:\/\/gametia.com\/es\/politica-privacidad\/","og_locale":"es_ES","og_type":"article","og_title":"Pol\u00edtica de privacidad","og_description":"En GAMETIA BIOBANK nos comprometemos a proteger su privacidad. Queremos ser transparentes sobre los datos que recopilamos, c\u00f3mo los utilizamos y los derechos que usted tiene para controlar sus datos. 1. Informaci\u00f3n para el usuario Nextclinics Spain, S.L.U. y sus filiales (a saber, Ceifer Biobanco Sevilla, S.L.U., Centro de Estudio e Investigaci\u00f3n de la Fertilidad [&hellip;]","og_url":"https:\/\/gametia.com\/es\/politica-privacidad\/","og_site_name":"gametia.com","article_modified_time":"2024-09-23T14:31:49+00:00","og_image":[{"width":1200,"height":675,"url":"https:\/\/gametia.com\/wp-content\/uploads\/2023\/10\/gametia.png","type":"image\/png"}],"twitter_card":"summary_large_image","twitter_misc":{"Tiempo de lectura":"6 minutos"},"schema":{"@context":"https:\/\/schema.org","@graph":[{"@type":"WebPage","@id":"https:\/\/gametia.com\/es\/politica-privacidad\/","url":"https:\/\/gametia.com\/es\/politica-privacidad\/","name":"Pol\u00edtica de privacidad - gametia.com","isPartOf":{"@id":"https:\/\/gametia.com\/es\/#website"},"datePublished":"2022-03-10T15:53:06+00:00","dateModified":"2024-09-23T14:31:49+00:00","breadcrumb":{"@id":"https:\/\/gametia.com\/es\/politica-privacidad\/#breadcrumb"},"inLanguage":"es","potentialAction":[{"@type":"ReadAction","target":["https:\/\/gametia.com\/es\/politica-privacidad\/"]}]},{"@type":"BreadcrumbList","@id":"https:\/\/gametia.com\/es\/politica-privacidad\/#breadcrumb","itemListElement":[{"@type":"ListItem","position":1,"name":"Home","item":"https:\/\/gametia.com\/es\/"},{"@type":"ListItem","position":2,"name":"Pol\u00edtica de privacidad"}]},{"@type":"WebSite","@id":"https:\/\/gametia.com\/es\/#website","url":"https:\/\/gametia.com\/es\/","name":"gametia.com","description":"Gametia - Biobank","publisher":{"@id":"https:\/\/gametia.com\/es\/#organization"},"potentialAction":[{"@type":"SearchAction","target":{"@type":"EntryPoint","urlTemplate":"https:\/\/gametia.com\/es\/?s={search_term_string}"},"query-input":{"@type":"PropertyValueSpecification","valueRequired":true,"valueName":"search_term_string"}}],"inLanguage":"es"},{"@type":"Organization","@id":"https:\/\/gametia.com\/es\/#organization","name":"Gametia Biobank","url":"https:\/\/gametia.com\/es\/","logo":{"@type":"ImageObject","inLanguage":"es","@id":"https:\/\/gametia.com\/es\/#\/schema\/logo\/image\/","url":"https:\/\/gametia.com\/wp-content\/uploads\/2023\/10\/logo-gametia.png","contentUrl":"https:\/\/gametia.com\/wp-content\/uploads\/2023\/10\/logo-gametia.png","width":696,"height":696,"caption":"Gametia Biobank"},"image":{"@id":"https:\/\/gametia.com\/es\/#\/schema\/logo\/image\/"},"sameAs":["https:\/\/www.linkedin.com\/company\/gametia"]}]}},"_links":{"self":[{"href":"https:\/\/gametia.com\/es\/wp-json\/wp\/v2\/pages\/3","targetHints":{"allow":["GET"]}}],"collection":[{"href":"https:\/\/gametia.com\/es\/wp-json\/wp\/v2\/pages"}],"about":[{"href":"https:\/\/gametia.com\/es\/wp-json\/wp\/v2\/types\/page"}],"author":[{"embeddable":true,"href":"https:\/\/gametia.com\/es\/wp-json\/wp\/v2\/users\/1"}],"replies":[{"embeddable":true,"href":"https:\/\/gametia.com\/es\/wp-json\/wp\/v2\/comments?post=3"}],"version-history":[{"count":49,"href":"https:\/\/gametia.com\/es\/wp-json\/wp\/v2\/pages\/3\/revisions"}],"predecessor-version":[{"id":5122,"href":"https:\/\/gametia.com\/es\/wp-json\/wp\/v2\/pages\/3\/revisions\/5122"}],"wp:attachment":[{"href":"https:\/\/gametia.com\/es\/wp-json\/wp\/v2\/media?parent=3"}],"curies":[{"name":"wp","href":"https:\/\/api.w.org\/{rel}","templated":true}]}}