{"id":5112,"date":"2023-12-04T21:21:30","date_gmt":"2023-12-04T21:21:30","guid":{"rendered":"https:\/\/gametia.com\/transparencia\/"},"modified":"2024-09-23T14:13:11","modified_gmt":"2024-09-23T14:13:11","slug":"transparencia","status":"publish","type":"page","link":"https:\/\/gametia.com\/es\/transparencia\/","title":{"rendered":"Transparencia"},"content":{"rendered":"\t\t<div data-elementor-type=\"wp-page\" data-elementor-id=\"5112\" class=\"elementor elementor-5112 elementor-2856\" data-elementor-post-type=\"page\">\n\t\t\t\t\t\t<section class=\"elementor-section elementor-top-section elementor-element elementor-element-3951751f elementor-section-boxed elementor-section-height-default elementor-section-height-default\" data-id=\"3951751f\" data-element_type=\"section\" data-e-type=\"section\">\n\t\t\t\t\t\t<div class=\"elementor-container elementor-column-gap-default\">\n\t\t\t\t\t<div class=\"elementor-column elementor-col-100 elementor-top-column elementor-element elementor-element-5c8b96f5\" data-id=\"5c8b96f5\" data-element_type=\"column\" data-e-type=\"column\">\n\t\t\t<div class=\"elementor-widget-wrap elementor-element-populated\">\n\t\t\t\t\t\t<div class=\"elementor-element elementor-element-31881b4 animated-slow elementor-invisible elementor-widget elementor-widget-heading\" data-id=\"31881b4\" data-element_type=\"widget\" data-e-type=\"widget\" data-settings=\"{&quot;_animation&quot;:&quot;fadeInDown&quot;}\" data-widget_type=\"heading.default\">\n\t\t\t\t<div class=\"elementor-widget-container\">\n\t\t\t\t\t<h1 class=\"elementor-heading-title elementor-size-default\">Transparencia<\/h1>\t\t\t\t<\/div>\n\t\t\t\t<\/div>\n\t\t\t\t<div data-dce-text-color=\"#FFFFFF\" class=\"elementor-element elementor-element-fdd154d elementor-invisible elementor-widget elementor-widget-text-editor\" data-id=\"fdd154d\" data-element_type=\"widget\" data-e-type=\"widget\" data-settings=\"{&quot;_animation&quot;:&quot;fadeInDown&quot;,&quot;_animation_delay&quot;:150}\" data-widget_type=\"text-editor.default\">\n\t\t\t\t<div class=\"elementor-widget-container\">\n\t\t\t\t\t\t\t\t\t<h2>Canal de transparencia de Gametia<\/h2>\n<p>Dentro del Grupo Next Clinics, estamos comprometidos con la excelencia y el desarrollo de nuestro negocio con honestidad, franqueza e integridad, adhiri\u00e9ndonos a la conducta \u00e9tica m\u00e1s estricta en la prestaci\u00f3n de servicios de alta calidad a nuestros pacientes.<\/p>\n<p>Todo el personal de Next Clinics debe mantener estos altos est\u00e1ndares y tiene el derecho y el deber de plantear sus preocupaciones, en la primera oportunidad razonable, sobre malas pr\u00e1cticas dentro del Grupo Next Clinics.<\/p>\n<p>Por ello, las distintas empresas del grupo, incluida Next Fertility, disponen de un canal de transparencia a trav\u00e9s del cual denunciar actuaciones irregulares o il\u00edcitas que vulneren la normativa legal vigente, el C\u00f3digo de conducta, o la Pol\u00edtica antisoborno y anticorrupci\u00f3n del grupo, o cualquier otra normativa interna del Grupo Next Clinics.<\/p>\n<p>Otros asuntos, como quejas sobre el servicio recibido, cuestiones laborales o la eliminaci\u00f3n de datos personales, no se tramitar\u00e1n a trav\u00e9s de este canal, sino que deber\u00e1n dirigirse a los canales correspondientes.<\/p>\n<h2>Objetivos del canal de transparencia:<\/h2>\n<ul>\n<li>Detectar conductas irregulares<\/li>\n<li>Promover la transparencia<\/li>\n<li>Proteger a los denunciantes<\/li>\n<li>Garantizar la confidencialidad<\/li>\n<li>Mantener una cultura empresarial \u00e9tica<\/li>\n<\/ul>\n<h2>C\u00f3mo presentar un informe:<\/h2>\n<p>El Grupo Next Clinics dispone de un sistema de notificaci\u00f3n de irregularidades gestionado por un proveedor externo independiente: \u00abSeeHearSpeakUp\u00bb. Puede acceder a \u00e9l y presentar su denuncia por escrito en este enlace <a href=\"https:\/\/fileaconcern.org\/nextclinics\">https:\/\/fileaconcern.org\/nextclinics<\/a> o presentar su denuncia por tel\u00e9fono llamando al 900 831 761. Asimismo, puede adjuntar cualquier documentaci\u00f3n que acredite o apoye los hechos denunciados.<\/p>\n<p>Si lo desea, puede enviar la denuncia de forma an\u00f3nima, de modo que SeeHearSpeakUp compartir\u00e1 el contenido de su queja con Next Clinics pero no sus datos personales sin su consentimiento previo.<\/p>\n<p>Al enviar el informe, se le asignar\u00e1 un n\u00famero de seguimiento para mantenerle informado de su progreso. En los siete d\u00edas naturales siguientes a la recepci\u00f3n del informe, recibir\u00e1 un acuse de recibo.<\/p>\n<p>Los informes se remitir\u00e1n a los responsables del tratamiento, lo que garantizar\u00e1 un mecanismo de doble control en las investigaciones que se lleven a cabo para esclarecer los hechos denunciados. Las investigaciones concluir\u00e1n en un plazo de tres meses, prorrogable por otros tres.<\/p>\n<h2>Garant\u00edas para los denunciantes:<\/h2>\n<ul>\n<li>Informaci\u00f3n: El denunciante recibir\u00e1 un acuse de recibo en un plazo de siete d\u00edas y una respuesta sobre las medidas adoptadas en un plazo de tres meses, prorrogable por otros tres. Las personas afectadas tienen derecho a ser informadas de las acusaciones que pesan sobre ellas y a ser escuchadas.<\/li>\n<li>Confidencialidad: El denunciante puede elegir identificarse durante todo el proceso, pero los receptores de la denuncia nunca revelar\u00e1n la identidad del denunciante ni los hechos y datos del procedimiento sin su consentimiento.<\/li>\n<li>Libertad frente a represalias: Siempre que la denuncia se haga de buena fe, el denunciante estar\u00e1 protegido frente a represalias.<\/li>\n<li>Medidas de apoyo: El denunciante puede solicitar asesoramiento y apoyo confidencial al departamento de recursos humanos de Next Clinics y tendr\u00e1 acceso a diferentes medidas de apoyo proporcionadas por organismos y autoridades competentes.<\/li>\n<li>Canales externos: Adem\u00e1s del canal de denuncia interno, el denunciante puede acudir a otros canales de denuncia externos como la Comisi\u00f3n Nacional de los Mercados y la Competencia (CNMC), el Servicio Ejecutivo de la Comisi\u00f3n de Prevenci\u00f3n del Blanqueo de Capitales (SEPBLAC), la Autoridad Independiente de Protecci\u00f3n de Denunciantes o la Agencia Espa\u00f1ola de Protecci\u00f3n de Datos.<\/li>\n<\/ul>\n\t\t\t\t\t\t\t\t<\/div>\n\t\t\t\t<\/div>\n\t\t<!-- dce invisible element 2dad317 -->\t\t\t<\/div>\n\t\t<\/div>\n\t\t\t\t\t<\/div>\n\t\t<\/section>\n\t\t\t\t<\/div>\n\t\t","protected":false},"excerpt":{"rendered":"<p>Canal de transparencia de Gametia Dentro del Grupo Next Clinics, estamos comprometidos con la excelencia y el desarrollo de nuestro negocio con honestidad, franqueza e integridad, adhiri\u00e9ndonos a la conducta \u00e9tica m\u00e1s estricta en la prestaci\u00f3n de servicios de alta calidad a nuestros pacientes. Todo el personal de Next Clinics debe mantener estos altos est\u00e1ndares [&hellip;]<\/p>\n","protected":false},"author":1,"featured_media":0,"parent":0,"menu_order":1,"comment_status":"closed","ping_status":"closed","template":"","meta":{"footnotes":""},"class_list":["post-5112","page","type-page","status-publish","hentry"],"yoast_head":"<!-- This site is optimized with the Yoast SEO Premium plugin v27.2 (Yoast SEO v27.2) - https:\/\/yoast.com\/product\/yoast-seo-premium-wordpress\/ -->\n<title>Transparencia - gametia.com<\/title>\n<meta name=\"robots\" content=\"index, follow, max-snippet:-1, max-image-preview:large, max-video-preview:-1\" \/>\n<link rel=\"canonical\" href=\"https:\/\/gametia.com\/es\/transparencia\/\" \/>\n<meta property=\"og:locale\" content=\"es_ES\" \/>\n<meta property=\"og:type\" content=\"article\" \/>\n<meta property=\"og:title\" content=\"Transparencia\" \/>\n<meta property=\"og:description\" content=\"Canal de transparencia de Gametia Dentro del Grupo Next Clinics, estamos comprometidos con la excelencia y el desarrollo de nuestro negocio con honestidad, franqueza e integridad, adhiri\u00e9ndonos a la conducta \u00e9tica m\u00e1s estricta en la prestaci\u00f3n de servicios de alta calidad a nuestros pacientes. Todo el personal de Next Clinics debe mantener estos altos est\u00e1ndares [&hellip;]\" \/>\n<meta property=\"og:url\" content=\"https:\/\/gametia.com\/es\/transparencia\/\" \/>\n<meta property=\"og:site_name\" content=\"gametia.com\" \/>\n<meta property=\"article:modified_time\" content=\"2024-09-23T14:13:11+00:00\" \/>\n<meta property=\"og:image\" content=\"https:\/\/gametia.com\/wp-content\/uploads\/2023\/10\/gametia.png\" \/>\n\t<meta property=\"og:image:width\" content=\"1200\" \/>\n\t<meta property=\"og:image:height\" content=\"675\" \/>\n\t<meta property=\"og:image:type\" content=\"image\/png\" \/>\n<meta name=\"twitter:card\" content=\"summary_large_image\" \/>\n<meta name=\"twitter:label1\" content=\"Tiempo de lectura\" \/>\n\t<meta name=\"twitter:data1\" content=\"8 minutos\" \/>\n<script type=\"application\/ld+json\" class=\"yoast-schema-graph\">{\"@context\":\"https:\/\/schema.org\",\"@graph\":[{\"@type\":\"WebPage\",\"@id\":\"https:\/\/gametia.com\/es\/transparencia\/\",\"url\":\"https:\/\/gametia.com\/es\/transparencia\/\",\"name\":\"Transparencia - gametia.com\",\"isPartOf\":{\"@id\":\"https:\/\/gametia.com\/es\/#website\"},\"datePublished\":\"2023-12-04T21:21:30+00:00\",\"dateModified\":\"2024-09-23T14:13:11+00:00\",\"breadcrumb\":{\"@id\":\"https:\/\/gametia.com\/es\/transparencia\/#breadcrumb\"},\"inLanguage\":\"es\",\"potentialAction\":[{\"@type\":\"ReadAction\",\"target\":[\"https:\/\/gametia.com\/es\/transparencia\/\"]}]},{\"@type\":\"BreadcrumbList\",\"@id\":\"https:\/\/gametia.com\/es\/transparencia\/#breadcrumb\",\"itemListElement\":[{\"@type\":\"ListItem\",\"position\":1,\"name\":\"Home\",\"item\":\"https:\/\/gametia.com\/es\/\"},{\"@type\":\"ListItem\",\"position\":2,\"name\":\"Transparencia\"}]},{\"@type\":\"WebSite\",\"@id\":\"https:\/\/gametia.com\/es\/#website\",\"url\":\"https:\/\/gametia.com\/es\/\",\"name\":\"gametia.com\",\"description\":\"Gametia - Biobank\",\"publisher\":{\"@id\":\"https:\/\/gametia.com\/es\/#organization\"},\"potentialAction\":[{\"@type\":\"SearchAction\",\"target\":{\"@type\":\"EntryPoint\",\"urlTemplate\":\"https:\/\/gametia.com\/es\/?s={search_term_string}\"},\"query-input\":{\"@type\":\"PropertyValueSpecification\",\"valueRequired\":true,\"valueName\":\"search_term_string\"}}],\"inLanguage\":\"es\"},{\"@type\":\"Organization\",\"@id\":\"https:\/\/gametia.com\/es\/#organization\",\"name\":\"Gametia Biobank\",\"url\":\"https:\/\/gametia.com\/es\/\",\"logo\":{\"@type\":\"ImageObject\",\"inLanguage\":\"es\",\"@id\":\"https:\/\/gametia.com\/es\/#\/schema\/logo\/image\/\",\"url\":\"https:\/\/gametia.com\/wp-content\/uploads\/2023\/10\/logo-gametia.png\",\"contentUrl\":\"https:\/\/gametia.com\/wp-content\/uploads\/2023\/10\/logo-gametia.png\",\"width\":696,\"height\":696,\"caption\":\"Gametia Biobank\"},\"image\":{\"@id\":\"https:\/\/gametia.com\/es\/#\/schema\/logo\/image\/\"},\"sameAs\":[\"https:\/\/www.linkedin.com\/company\/gametia\"]}]}<\/script>\n<!-- \/ Yoast SEO Premium plugin. -->","yoast_head_json":{"title":"Transparencia - gametia.com","robots":{"index":"index","follow":"follow","max-snippet":"max-snippet:-1","max-image-preview":"max-image-preview:large","max-video-preview":"max-video-preview:-1"},"canonical":"https:\/\/gametia.com\/es\/transparencia\/","og_locale":"es_ES","og_type":"article","og_title":"Transparencia","og_description":"Canal de transparencia de Gametia Dentro del Grupo Next Clinics, estamos comprometidos con la excelencia y el desarrollo de nuestro negocio con honestidad, franqueza e integridad, adhiri\u00e9ndonos a la conducta \u00e9tica m\u00e1s estricta en la prestaci\u00f3n de servicios de alta calidad a nuestros pacientes. Todo el personal de Next Clinics debe mantener estos altos est\u00e1ndares [&hellip;]","og_url":"https:\/\/gametia.com\/es\/transparencia\/","og_site_name":"gametia.com","article_modified_time":"2024-09-23T14:13:11+00:00","og_image":[{"width":1200,"height":675,"url":"https:\/\/gametia.com\/wp-content\/uploads\/2023\/10\/gametia.png","type":"image\/png"}],"twitter_card":"summary_large_image","twitter_misc":{"Tiempo de lectura":"8 minutos"},"schema":{"@context":"https:\/\/schema.org","@graph":[{"@type":"WebPage","@id":"https:\/\/gametia.com\/es\/transparencia\/","url":"https:\/\/gametia.com\/es\/transparencia\/","name":"Transparencia - gametia.com","isPartOf":{"@id":"https:\/\/gametia.com\/es\/#website"},"datePublished":"2023-12-04T21:21:30+00:00","dateModified":"2024-09-23T14:13:11+00:00","breadcrumb":{"@id":"https:\/\/gametia.com\/es\/transparencia\/#breadcrumb"},"inLanguage":"es","potentialAction":[{"@type":"ReadAction","target":["https:\/\/gametia.com\/es\/transparencia\/"]}]},{"@type":"BreadcrumbList","@id":"https:\/\/gametia.com\/es\/transparencia\/#breadcrumb","itemListElement":[{"@type":"ListItem","position":1,"name":"Home","item":"https:\/\/gametia.com\/es\/"},{"@type":"ListItem","position":2,"name":"Transparencia"}]},{"@type":"WebSite","@id":"https:\/\/gametia.com\/es\/#website","url":"https:\/\/gametia.com\/es\/","name":"gametia.com","description":"Gametia - Biobank","publisher":{"@id":"https:\/\/gametia.com\/es\/#organization"},"potentialAction":[{"@type":"SearchAction","target":{"@type":"EntryPoint","urlTemplate":"https:\/\/gametia.com\/es\/?s={search_term_string}"},"query-input":{"@type":"PropertyValueSpecification","valueRequired":true,"valueName":"search_term_string"}}],"inLanguage":"es"},{"@type":"Organization","@id":"https:\/\/gametia.com\/es\/#organization","name":"Gametia Biobank","url":"https:\/\/gametia.com\/es\/","logo":{"@type":"ImageObject","inLanguage":"es","@id":"https:\/\/gametia.com\/es\/#\/schema\/logo\/image\/","url":"https:\/\/gametia.com\/wp-content\/uploads\/2023\/10\/logo-gametia.png","contentUrl":"https:\/\/gametia.com\/wp-content\/uploads\/2023\/10\/logo-gametia.png","width":696,"height":696,"caption":"Gametia Biobank"},"image":{"@id":"https:\/\/gametia.com\/es\/#\/schema\/logo\/image\/"},"sameAs":["https:\/\/www.linkedin.com\/company\/gametia"]}]}},"_links":{"self":[{"href":"https:\/\/gametia.com\/es\/wp-json\/wp\/v2\/pages\/5112","targetHints":{"allow":["GET"]}}],"collection":[{"href":"https:\/\/gametia.com\/es\/wp-json\/wp\/v2\/pages"}],"about":[{"href":"https:\/\/gametia.com\/es\/wp-json\/wp\/v2\/types\/page"}],"author":[{"embeddable":true,"href":"https:\/\/gametia.com\/es\/wp-json\/wp\/v2\/users\/1"}],"replies":[{"embeddable":true,"href":"https:\/\/gametia.com\/es\/wp-json\/wp\/v2\/comments?post=5112"}],"version-history":[{"count":5,"href":"https:\/\/gametia.com\/es\/wp-json\/wp\/v2\/pages\/5112\/revisions"}],"predecessor-version":[{"id":5117,"href":"https:\/\/gametia.com\/es\/wp-json\/wp\/v2\/pages\/5112\/revisions\/5117"}],"wp:attachment":[{"href":"https:\/\/gametia.com\/es\/wp-json\/wp\/v2\/media?parent=5112"}],"curies":[{"name":"wp","href":"https:\/\/api.w.org\/{rel}","templated":true}]}}