{"id":5118,"date":"2022-07-01T10:30:42","date_gmt":"2022-07-01T10:30:42","guid":{"rendered":"https:\/\/gametia.com\/nota-legal\/"},"modified":"2025-02-18T15:19:44","modified_gmt":"2025-02-18T15:19:44","slug":"nota-legal","status":"publish","type":"page","link":"https:\/\/gametia.com\/es\/nota-legal\/","title":{"rendered":"Nota Legal"},"content":{"rendered":"\t\t<div data-elementor-type=\"wp-page\" data-elementor-id=\"5118\" class=\"elementor elementor-5118 elementor-2399\" data-elementor-post-type=\"page\">\n\t\t\t\t\t\t<section class=\"elementor-section elementor-top-section elementor-element elementor-element-3951751f elementor-section-boxed elementor-section-height-default elementor-section-height-default\" data-id=\"3951751f\" data-element_type=\"section\" data-e-type=\"section\">\n\t\t\t\t\t\t<div class=\"elementor-container elementor-column-gap-default\">\n\t\t\t\t\t<div class=\"elementor-column elementor-col-100 elementor-top-column elementor-element elementor-element-5c8b96f5\" data-id=\"5c8b96f5\" data-element_type=\"column\" data-e-type=\"column\">\n\t\t\t<div class=\"elementor-widget-wrap elementor-element-populated\">\n\t\t\t\t\t\t<div class=\"elementor-element elementor-element-31881b4 animated-slow elementor-invisible elementor-widget elementor-widget-heading\" data-id=\"31881b4\" data-element_type=\"widget\" data-e-type=\"widget\" data-settings=\"{&quot;_animation&quot;:&quot;fadeInDown&quot;}\" data-widget_type=\"heading.default\">\n\t\t\t\t<div class=\"elementor-widget-container\">\n\t\t\t\t\t<h1 class=\"elementor-heading-title elementor-size-default\">Nota Legal<\/h1>\t\t\t\t<\/div>\n\t\t\t\t<\/div>\n\t\t\t\t<div data-dce-text-color=\"#FFFFFF\" class=\"elementor-element elementor-element-fdd154d elementor-invisible elementor-widget elementor-widget-text-editor\" data-id=\"fdd154d\" data-element_type=\"widget\" data-e-type=\"widget\" data-settings=\"{&quot;_animation&quot;:&quot;fadeInDown&quot;,&quot;_animation_delay&quot;:150}\" data-widget_type=\"text-editor.default\">\n\t\t\t\t<div class=\"elementor-widget-container\">\n\t\t\t\t\t\t\t\t\t<p>Nextclinics Spain, S.L.U., responsable del sitio web, pone a disposici\u00f3n de los usuarios el presente documento, con el que pretende dar cumplimiento a las obligaciones dispuestas en la Ley 34\/2002, de 11 de julio, de Servicios de la Sociedad de la Informaci\u00f3n y de Comercio Electr\u00f3nico (LSSICE),\u00a0as\u00ed como informar a todos los usuarios del sitio web respecto a cu\u00e1les son las condiciones de uso, los productos y ofertas, tanto de GRUPO NUOVIT como de sus filiales.<\/p><p>Toda persona que acceda a este sitio web asume el papel de usuario, comprometi\u00e9ndose a la observancia y cumplimiento riguroso de las disposiciones aqu\u00ed dispuestas, as\u00ed como a cualquier otra disposici\u00f3n legal que fuera de aplicaci\u00f3n.<\/p><p>Nextclinics Spain, S.L.U. se reserva el derecho de modificar cualquier tipo de informaci\u00f3n que pudiera aparecer en el sitio web, sin que exista obligaci\u00f3n de preavisar o poner en conocimiento de los usuarios dichas obligaciones, entendi\u00e9ndose como suficiente con la publicaci\u00f3n en el sitio web https:\/\/gametia.com\/<\/p><p>Nexclinics Spain S.L.U. con sus cl\u00ednicas Next Fertility Sevilla (Ceifer Biobanco Sevilla S.L.) NICA: 26414 EU TE Code: ES006261; Next Fertility Huelva (Cegira Huelva S.L.L.) NICA: 24201 EU TE Code: ES006294: Gametia Biobank (Centro de Estudio e Investigaci\u00f3n de la Fertilidad S.L.) NICA: 50596 TE Code: ES010005; IEF Madrid (Instituto Europeo de la Fertilidad S.L.) N\u00ba licencia: CS 10951 EU TE Code: ES006091; Next Fertility Valencia (Instituto de Medicina Reproductiva S.A.U.) N\u00ba licencia: 2979 EU TE Code: ES007256; Next Fertility Murcia (Next Fertility Murcia S.L.) N\u00ba licencia: 30800014 EU TE Code: ES006069; Next Fertility Burgos (ART Burgos Centro Ginecol\u00f3gico de Reproducci\u00f3n S.L.) N\u00ba licencia: 09-C252-0003 \u00a0EU TE Code: ES012955; Net Fertility Vitoria (ART Vitoria Centro Ginecol\u00f3gico de Reproducci\u00f3n S.L.) N\u00ba licencia:01.C.2.5.28696 \u00a0EU TE Code: ES006056,\u00a0 suministran el contenido y los servicios que est\u00e1n disponibles en el Sitio, con sujeci\u00f3n a las siguientes Condiciones de Navegaci\u00f3n (en adelante, \u201clas Condiciones de Navegaci\u00f3n\u201d) y a la Pol\u00edtica de Privacidad (en adelante, \u201cPol\u00edtica de Privacidad\u201d).<\/p><h2>1. DATOS IDENTIFICATIVOS<\/h2><p>Nombre de dominio: https:\/\/gametia.com\/<br \/>Nombre comercial: GAMETIA BIOBANK<br \/>Denominaci\u00f3n social: Nextclinics Spain, S.L.U.<br \/>NIF: B98959232<br \/>Domicilio social: Avenida Burjassot 3, 46009 Valencia.<br \/>E-mail: <a href=\"mailto:protecciondedatos@next-clinics.com\" target=\"_blank\" rel=\"noopener\">protecciondedatos@next-clinics.com<\/a><br \/>Inscripci\u00f3n en el Registro Mercantil de VALENCIA Tomo 10448, L 7729, F 108, S 8, H V 180280, I\/A4<\/p><h2>2. DERECHOS DE PROPIEDAD INTELECTUAL E INDUSTRIAL<\/h2><p>El sitio web, incluyendo a t\u00edtulo enunciativo pero no limitativo su programaci\u00f3n, edici\u00f3n, compilaci\u00f3n y dem\u00e1s elementos necesarios para su funcionamiento, los dise\u00f1os, logotipos, texto y\/o gr\u00e1ficos, son propiedad del RESPONSABLE o, si es el caso, dispone de licencia o autorizaci\u00f3n expresa por parte de los autores.<\/p><p>Independientemente de la finalidad para la que fueran destinados, la reproducci\u00f3n total o parcial, uso, explotaci\u00f3n, distribuci\u00f3n y comercializaci\u00f3n, requiere en todo caso de la autorizaci\u00f3n escrita previa por parte del RESPONSABLE. Cualquier uso no autorizado previamente se considera un incumplimiento grave de los derechos de propiedad intelectual o industrial del autor.<\/p><p>Los dise\u00f1os, logotipos, texto y\/o gr\u00e1ficos ajenos al RESPONSABLE y que pudieran aparecer en el sitio web, pertenecen a sus respectivos propietarios, siendo ellos mismos responsables de cualquier posible controversia que pudiera suscitarse respecto a los mismos. El RESPONSABLE autoriza expresamente a que terceros puedan redirigir directamente a los contenidos concretos del sitio web, y en todo caso redirigir al sitio web principal de https:\/\/gametia.com\/<\/p><p>El RESPONSABLE reconoce a favor de sus titulares los correspondientes derechos de propiedad intelectual e industrial, no implicando su sola menci\u00f3n o aparici\u00f3n en el sitio web la existencia de derechos o responsabilidad alguna sobre los mismos, como tampoco respaldo, patrocinio o recomendaci\u00f3n por parte del mismo.<br \/>Para realizar cualquier tipo de observaci\u00f3n respecto a posibles incumplimientos de los derechos de propiedad intelectual o industrial, as\u00ed como sobre cualquiera de los contenidos del sitio web, puede hacerlo a trav\u00e9s del correo electr\u00f3nico <a href=\"mailto:protecciondedatos@next-clinics.com\" target=\"_blank\" rel=\"noopener\">protecciondedatos@next-clinics.com<\/a><\/p><h2>3. EXENCI\u00d3N DE RESPONSABILIDADES<\/h2><p>El RESPONSABLE se exime de cualquier tipo de responsabilidad derivada de la informaci\u00f3n publicada en su sitio web siempre que esta informaci\u00f3n haya sido manipulada o introducida por un tercero ajeno al mismo.<\/p><h3>Pol\u00edtica de enlaces<\/h3><p>Desde el sitio web, es posible que se redirija a contenidos de terceros sitios web. Dado que el RESPONSABLE no puede controlar siempre los contenidos introducidos por los terceros en sus respectivos sitios web, no asume ning\u00fan tipo de responsabilidad respecto a dichos contenidos. En todo caso, proceder\u00e1 a la retirada inmediata de cualquier contenido que pudiera contravenir la legislaci\u00f3n nacional o internacional, la moral o el orden p\u00fablico, procediendo a la retirada inmediata de la redirecci\u00f3n a dicho sitio web, poniendo en conocimiento de las autoridades competentes el contenido en cuesti\u00f3n.<\/p><p>El RESPONSABLE no se hace responsable de la informaci\u00f3n y contenidos almacenados, a t\u00edtulo enunciativo pero no limitativo, en foros, chats, generadores de blogs, comentarios, redes sociales o cualquier otro medio que permita a terceros publicar contenidos de forma independiente en la p\u00e1gina web del RESPONSABLE. Sin embargo, y en cumplimiento de lo dispuesto en los art\u00edculos 11 y 16 de la LSSICE, se pone a disposici\u00f3n de todos los usuarios, autoridades y fuerzas de seguridad, colaborando de forma activa en la retirada o, en su caso, bloqueo de todos aquellos contenidos que puedan afectar o contravenir la legislaci\u00f3n nacional o internacional, los derechos de terceros o la moral y el orden p\u00fablico. En caso de que el usuario considere que existe en el sitio web alg\u00fan contenido que pudiera ser susceptible de esta clasificaci\u00f3n, se ruega lo notifique de forma inmediata al administrador del sitio web.<\/p><h2>4. LEY APLICABLE Y JURISDICCI\u00d3N<\/h2><p>Esta p\u00e1gina web se encuentra sometida a la legislaci\u00f3n espa\u00f1ola y en caso de litigio o controversia surgida del uso de esta p\u00e1gina web ambas partes se someten a la jurisdicci\u00f3n de los tribunales de la ciudad de Valencia (Espa\u00f1a). Esta cl\u00e1usula de sumisi\u00f3n expresa a los tribunales de la ciudad de Valencia no ser\u00e1 aplicable para los supuestos de litigio con los usuarios de la web que, seg\u00fan la legislaci\u00f3n vigente, ostenten la condici\u00f3n de consumidores, en cuyo caso ambas partes estar\u00e1n sometidos a la jurisdicci\u00f3n de los Juzgados y Tribunales de residencia del consumidor. As\u00ed mismo en estos casos, el prestador y el usuario podr\u00e1n someter sus conflictos a los arbitrajes previstos en la legislaci\u00f3n de arbitraje y de defensa de los consumidores y usuarios, y a los procedimientos de resoluci\u00f3n extrajudicial de conflictos que se instauren por medio de c\u00f3digos de conducta u otros instrumentos de autorregulaci\u00f3n.<br \/>En caso de no estar de acuerdo con los productos o servicios contratados y ser un cliente perteneciente a la Uni\u00f3n Europea, excepto espa\u00f1ol, podr\u00e1 dirigirse al siguiente enlace para formular la reclamaci\u00f3n oportuna: <a href=\"http:\/\/ec.europa.eu\/consumers\/odr\/\" target=\"_blank\" rel=\"noopener\">http:\/\/ec.europa.eu\/consumers\/odr\/<\/a><\/p>\t\t\t\t\t\t\t\t<\/div>\n\t\t\t\t<\/div>\n\t\t<!-- dce invisible element 2dad317 -->\t\t\t<\/div>\n\t\t<\/div>\n\t\t\t\t\t<\/div>\n\t\t<\/section>\n\t\t\t\t<\/div>\n\t\t","protected":false},"excerpt":{"rendered":"<p>Nextclinics Spain, S.L.U., responsable del sitio web, pone a disposici\u00f3n de los usuarios el presente documento, con el que pretende dar cumplimiento a las obligaciones dispuestas en la Ley 34\/2002, de 11 de julio, de Servicios de la Sociedad de la Informaci\u00f3n y de Comercio Electr\u00f3nico (LSSICE),\u00a0as\u00ed como informar a todos los usuarios del sitio [&hellip;]<\/p>\n","protected":false},"author":1,"featured_media":0,"parent":0,"menu_order":1,"comment_status":"closed","ping_status":"closed","template":"","meta":{"footnotes":""},"class_list":["post-5118","page","type-page","status-publish","hentry"],"yoast_head":"<!-- This site is optimized with the Yoast SEO Premium plugin v27.2 (Yoast SEO v27.2) - https:\/\/yoast.com\/product\/yoast-seo-premium-wordpress\/ -->\n<title>Nota Legal - gametia.com<\/title>\n<meta name=\"robots\" content=\"index, follow, max-snippet:-1, max-image-preview:large, max-video-preview:-1\" \/>\n<link rel=\"canonical\" href=\"https:\/\/gametia.com\/es\/nota-legal\/\" \/>\n<meta property=\"og:locale\" content=\"es_ES\" \/>\n<meta property=\"og:type\" content=\"article\" \/>\n<meta property=\"og:title\" content=\"Nota Legal\" \/>\n<meta property=\"og:description\" content=\"Nextclinics Spain, S.L.U., responsable del sitio web, pone a disposici\u00f3n de los usuarios el presente documento, con el que pretende dar cumplimiento a las obligaciones dispuestas en la Ley 34\/2002, de 11 de julio, de Servicios de la Sociedad de la Informaci\u00f3n y de Comercio Electr\u00f3nico (LSSICE),\u00a0as\u00ed como informar a todos los usuarios del sitio [&hellip;]\" \/>\n<meta property=\"og:url\" content=\"https:\/\/gametia.com\/es\/nota-legal\/\" \/>\n<meta property=\"og:site_name\" content=\"gametia.com\" \/>\n<meta property=\"article:modified_time\" content=\"2025-02-18T15:19:44+00:00\" \/>\n<meta property=\"og:image\" content=\"https:\/\/gametia.com\/wp-content\/uploads\/2023\/10\/gametia.png\" \/>\n\t<meta property=\"og:image:width\" content=\"1200\" \/>\n\t<meta property=\"og:image:height\" content=\"675\" \/>\n\t<meta property=\"og:image:type\" content=\"image\/png\" \/>\n<meta name=\"twitter:card\" content=\"summary_large_image\" \/>\n<meta name=\"twitter:label1\" content=\"Tiempo de lectura\" \/>\n\t<meta name=\"twitter:data1\" content=\"10 minutos\" \/>\n<script type=\"application\/ld+json\" class=\"yoast-schema-graph\">{\"@context\":\"https:\/\/schema.org\",\"@graph\":[{\"@type\":\"WebPage\",\"@id\":\"https:\/\/gametia.com\/es\/nota-legal\/\",\"url\":\"https:\/\/gametia.com\/es\/nota-legal\/\",\"name\":\"Nota Legal - gametia.com\",\"isPartOf\":{\"@id\":\"https:\/\/gametia.com\/es\/#website\"},\"datePublished\":\"2022-07-01T10:30:42+00:00\",\"dateModified\":\"2025-02-18T15:19:44+00:00\",\"breadcrumb\":{\"@id\":\"https:\/\/gametia.com\/es\/nota-legal\/#breadcrumb\"},\"inLanguage\":\"es\",\"potentialAction\":[{\"@type\":\"ReadAction\",\"target\":[\"https:\/\/gametia.com\/es\/nota-legal\/\"]}]},{\"@type\":\"BreadcrumbList\",\"@id\":\"https:\/\/gametia.com\/es\/nota-legal\/#breadcrumb\",\"itemListElement\":[{\"@type\":\"ListItem\",\"position\":1,\"name\":\"Home\",\"item\":\"https:\/\/gametia.com\/es\/\"},{\"@type\":\"ListItem\",\"position\":2,\"name\":\"Nota Legal\"}]},{\"@type\":\"WebSite\",\"@id\":\"https:\/\/gametia.com\/es\/#website\",\"url\":\"https:\/\/gametia.com\/es\/\",\"name\":\"gametia.com\",\"description\":\"Gametia - Biobank\",\"publisher\":{\"@id\":\"https:\/\/gametia.com\/es\/#organization\"},\"potentialAction\":[{\"@type\":\"SearchAction\",\"target\":{\"@type\":\"EntryPoint\",\"urlTemplate\":\"https:\/\/gametia.com\/es\/?s={search_term_string}\"},\"query-input\":{\"@type\":\"PropertyValueSpecification\",\"valueRequired\":true,\"valueName\":\"search_term_string\"}}],\"inLanguage\":\"es\"},{\"@type\":\"Organization\",\"@id\":\"https:\/\/gametia.com\/es\/#organization\",\"name\":\"Gametia Biobank\",\"url\":\"https:\/\/gametia.com\/es\/\",\"logo\":{\"@type\":\"ImageObject\",\"inLanguage\":\"es\",\"@id\":\"https:\/\/gametia.com\/es\/#\/schema\/logo\/image\/\",\"url\":\"https:\/\/gametia.com\/wp-content\/uploads\/2023\/10\/logo-gametia.png\",\"contentUrl\":\"https:\/\/gametia.com\/wp-content\/uploads\/2023\/10\/logo-gametia.png\",\"width\":696,\"height\":696,\"caption\":\"Gametia Biobank\"},\"image\":{\"@id\":\"https:\/\/gametia.com\/es\/#\/schema\/logo\/image\/\"},\"sameAs\":[\"https:\/\/www.linkedin.com\/company\/gametia\"]}]}<\/script>\n<!-- \/ Yoast SEO Premium plugin. -->","yoast_head_json":{"title":"Nota Legal - gametia.com","robots":{"index":"index","follow":"follow","max-snippet":"max-snippet:-1","max-image-preview":"max-image-preview:large","max-video-preview":"max-video-preview:-1"},"canonical":"https:\/\/gametia.com\/es\/nota-legal\/","og_locale":"es_ES","og_type":"article","og_title":"Nota Legal","og_description":"Nextclinics Spain, S.L.U., responsable del sitio web, pone a disposici\u00f3n de los usuarios el presente documento, con el que pretende dar cumplimiento a las obligaciones dispuestas en la Ley 34\/2002, de 11 de julio, de Servicios de la Sociedad de la Informaci\u00f3n y de Comercio Electr\u00f3nico (LSSICE),\u00a0as\u00ed como informar a todos los usuarios del sitio [&hellip;]","og_url":"https:\/\/gametia.com\/es\/nota-legal\/","og_site_name":"gametia.com","article_modified_time":"2025-02-18T15:19:44+00:00","og_image":[{"width":1200,"height":675,"url":"https:\/\/gametia.com\/wp-content\/uploads\/2023\/10\/gametia.png","type":"image\/png"}],"twitter_card":"summary_large_image","twitter_misc":{"Tiempo de lectura":"10 minutos"},"schema":{"@context":"https:\/\/schema.org","@graph":[{"@type":"WebPage","@id":"https:\/\/gametia.com\/es\/nota-legal\/","url":"https:\/\/gametia.com\/es\/nota-legal\/","name":"Nota Legal - gametia.com","isPartOf":{"@id":"https:\/\/gametia.com\/es\/#website"},"datePublished":"2022-07-01T10:30:42+00:00","dateModified":"2025-02-18T15:19:44+00:00","breadcrumb":{"@id":"https:\/\/gametia.com\/es\/nota-legal\/#breadcrumb"},"inLanguage":"es","potentialAction":[{"@type":"ReadAction","target":["https:\/\/gametia.com\/es\/nota-legal\/"]}]},{"@type":"BreadcrumbList","@id":"https:\/\/gametia.com\/es\/nota-legal\/#breadcrumb","itemListElement":[{"@type":"ListItem","position":1,"name":"Home","item":"https:\/\/gametia.com\/es\/"},{"@type":"ListItem","position":2,"name":"Nota Legal"}]},{"@type":"WebSite","@id":"https:\/\/gametia.com\/es\/#website","url":"https:\/\/gametia.com\/es\/","name":"gametia.com","description":"Gametia - Biobank","publisher":{"@id":"https:\/\/gametia.com\/es\/#organization"},"potentialAction":[{"@type":"SearchAction","target":{"@type":"EntryPoint","urlTemplate":"https:\/\/gametia.com\/es\/?s={search_term_string}"},"query-input":{"@type":"PropertyValueSpecification","valueRequired":true,"valueName":"search_term_string"}}],"inLanguage":"es"},{"@type":"Organization","@id":"https:\/\/gametia.com\/es\/#organization","name":"Gametia Biobank","url":"https:\/\/gametia.com\/es\/","logo":{"@type":"ImageObject","inLanguage":"es","@id":"https:\/\/gametia.com\/es\/#\/schema\/logo\/image\/","url":"https:\/\/gametia.com\/wp-content\/uploads\/2023\/10\/logo-gametia.png","contentUrl":"https:\/\/gametia.com\/wp-content\/uploads\/2023\/10\/logo-gametia.png","width":696,"height":696,"caption":"Gametia Biobank"},"image":{"@id":"https:\/\/gametia.com\/es\/#\/schema\/logo\/image\/"},"sameAs":["https:\/\/www.linkedin.com\/company\/gametia"]}]}},"_links":{"self":[{"href":"https:\/\/gametia.com\/es\/wp-json\/wp\/v2\/pages\/5118","targetHints":{"allow":["GET"]}}],"collection":[{"href":"https:\/\/gametia.com\/es\/wp-json\/wp\/v2\/pages"}],"about":[{"href":"https:\/\/gametia.com\/es\/wp-json\/wp\/v2\/types\/page"}],"author":[{"embeddable":true,"href":"https:\/\/gametia.com\/es\/wp-json\/wp\/v2\/users\/1"}],"replies":[{"embeddable":true,"href":"https:\/\/gametia.com\/es\/wp-json\/wp\/v2\/comments?post=5118"}],"version-history":[{"count":4,"href":"https:\/\/gametia.com\/es\/wp-json\/wp\/v2\/pages\/5118\/revisions"}],"predecessor-version":[{"id":5996,"href":"https:\/\/gametia.com\/es\/wp-json\/wp\/v2\/pages\/5118\/revisions\/5996"}],"wp:attachment":[{"href":"https:\/\/gametia.com\/es\/wp-json\/wp\/v2\/media?parent=5118"}],"curies":[{"name":"wp","href":"https:\/\/api.w.org\/{rel}","templated":true}]}}