{"id":5186,"date":"2023-12-04T21:21:30","date_gmt":"2023-12-04T21:21:30","guid":{"rendered":"https:\/\/gametia.com\/transparenza\/"},"modified":"2024-10-16T11:25:39","modified_gmt":"2024-10-16T11:25:39","slug":"transparenza","status":"publish","type":"page","link":"https:\/\/gametia.com\/it\/transparenza\/","title":{"rendered":"Transparenza"},"content":{"rendered":"\t\t<div data-elementor-type=\"wp-page\" data-elementor-id=\"5186\" class=\"elementor elementor-5186 elementor-2856\" data-elementor-post-type=\"page\">\n\t\t\t\t\t\t<section class=\"elementor-section elementor-top-section elementor-element elementor-element-3951751f elementor-section-boxed elementor-section-height-default elementor-section-height-default\" data-id=\"3951751f\" data-element_type=\"section\" data-e-type=\"section\">\n\t\t\t\t\t\t<div class=\"elementor-container elementor-column-gap-default\">\n\t\t\t\t\t<div class=\"elementor-column elementor-col-100 elementor-top-column elementor-element elementor-element-5c8b96f5\" data-id=\"5c8b96f5\" data-element_type=\"column\" data-e-type=\"column\">\n\t\t\t<div class=\"elementor-widget-wrap elementor-element-populated\">\n\t\t\t\t\t\t<div class=\"elementor-element elementor-element-31881b4 animated-slow elementor-invisible elementor-widget elementor-widget-heading\" data-id=\"31881b4\" data-element_type=\"widget\" data-e-type=\"widget\" data-settings=\"{&quot;_animation&quot;:&quot;fadeInDown&quot;}\" data-widget_type=\"heading.default\">\n\t\t\t\t<div class=\"elementor-widget-container\">\n\t\t\t\t\t<h1 class=\"elementor-heading-title elementor-size-default\">Transparenza<\/h1>\t\t\t\t<\/div>\n\t\t\t\t<\/div>\n\t\t\t\t<div data-dce-text-color=\"#FFFFFF\" class=\"elementor-element elementor-element-fdd154d elementor-invisible elementor-widget elementor-widget-text-editor\" data-id=\"fdd154d\" data-element_type=\"widget\" data-e-type=\"widget\" data-settings=\"{&quot;_animation&quot;:&quot;fadeInDown&quot;,&quot;_animation_delay&quot;:150}\" data-widget_type=\"text-editor.default\">\n\t\t\t\t<div class=\"elementor-widget-container\">\n\t\t\t\t\t\t\t\t\t<h2>Canale di trasparenza di Gametia<\/h2><p>All&#8217;interno del Gruppo Next Clinics, ci impegniamo a raggiungere l&#8217;eccellenza e a sviluppare la nostra attivit\u00e0 con onest\u00e0, apertura e integrit\u00e0, aderendo alla pi\u00f9 rigorosa condotta etica nel fornire servizi di alta qualit\u00e0 ai nostri pazienti.<\/p><p>Tutto il personale di Next Clinics deve rispettare questi standard elevati e ha il diritto e il dovere di sollevare dubbi, alla prima ragionevole occasione, su pratiche scorrette all&#8217;interno del Gruppo Next Clinics.<\/p><p>Pertanto, le varie societ\u00e0 del gruppo, compresa Next Fertility, dispongono di un canale di trasparenza attraverso il quale segnalare azioni irregolari o illegali che violano le norme legali vigenti, il Codice di Condotta o la Politica Anticorruzione del gruppo, o qualsiasi altro regolamento interno del Gruppo Next Clinics.<\/p><p>Altre questioni, come reclami sul servizio ricevuto, questioni lavorative o la rimozione di dati personali, non saranno gestite attraverso questo canale ma dovranno essere indirizzate ai canali corrispondenti.<\/p><h2>Obiettivi del Canale di trasparenza:<\/h2><ul><li>Rilevare comportamenti irregolari<\/li><li>Promuovere la trasparenza<\/li><li>Proteggere i gli informatori<\/li><li>Garantire la riservatezza<\/li><li>Mantenere una cultura aziendale etica<\/li><\/ul><h2>Come inviare una segnalazione:<\/h2><p>Il Gruppo Next Clinics dispone di un sistema di segnalazione delle irregolarit\u00e0 gestito da un fornitore esterno indipendente, &#8220;SeeHearSpeakUp&#8221;. \u00c8 possibile accedervi e inviare la propria segnalazione per iscritto a questo link <a href=\"https:\/\/fileaconcern.org\/nextclinics\">https:\/\/fileaconcern.org\/nextclinics<\/a>, o telefonicamente chiamando il numero 900 831 761. \u00c8 possibile allegare qualsiasi documentazione a testimonianza o a supporto dei fatti segnalati.<\/p><p>Se lo si desidera, \u00e8 possibile inviare la segnalazione in forma anonima, in modo che SeeHearSpeakUp condivida con Next Clinics il contenuto del reclamo, ma non le informazioni personali senza aver dato il previo consenso.<\/p><p>Al momento dell&#8217;invio della segnalazione, verr\u00e0 assegnato un numero di tracking per avere informazioni aggiornate sullo stato di avanzamento della segnalazione. Entro sette giorni naturali dalla ricezione della segnalazione, si ricever\u00e0 conferma di ricezione.<\/p><p>Le segnalazioni saranno trasmesse ai responsabili del trattamento dei dati, garantendo un meccanismo di doppio controllo nelle indagini che saranno condotte per chiarire i fatti segnalati. Le indagini si concluderanno entro un periodo di tre mesi, prorogabile per altri tre.<\/p><h2>Garanzie per gli informatori:<\/h2><ul><li>Informazioni: l\u2019informatore ricever\u00e0 un riscontro entro sette giorni e una risposta sulle misure adottate entro tre mesi, prorogabili per altri tre. Le persone coinvolte hanno il diritto di essere informate delle accuse mosse nei loro confronti e di essere ascoltate.<\/li><li>Riservatezza: l\u2019informatore pu\u00f2 scegliere di identificarsi durante tutto il processo, ma i destinatari della segnalazione non riveleranno mai l&#8217;identit\u00e0 dell\u2019informatore o i fatti e i dati della procedura senza il suo consenso.<\/li><li>Libert\u00e0 da ritorsioni: purch\u00e8 la segnalazione sia fatta in buona fede, l&#8217;informatore sar\u00e0 protetto da ritorsioni.<\/li><li>Misure di supporto: <strong>l\u2019<\/strong>informatore pu\u00f2 chiedere consulenza e supporto in via confidenziale al dipartimento di Risorse Umane di Next Clinics, e avr\u00e0 accesso a diverse misure di supporto fornite da enti e autorit\u00e0 competenti.<\/li><li>Canali esterni: oltre al canale di segnalazione interno, l\u2019informatore pu\u00f2 rivolgersi ad altri canali di segnalazione esterni come la Commissione Nazionale dei Mercati e della Concorrenza (CNMC), il Servizio Esecutivo della Commissione per la Prevenzione del Riciclaggio di Denaro (SEPBLAC), l&#8217;Autorit\u00e0 Indipendente per la Protezione degli imformatori o l&#8217;Agenzia Spagnola per la Protezione dei Dati.<\/li><\/ul>\t\t\t\t\t\t\t\t<\/div>\n\t\t\t\t<\/div>\n\t\t<!-- dce invisible element 2dad317 -->\t\t\t<\/div>\n\t\t<\/div>\n\t\t\t\t\t<\/div>\n\t\t<\/section>\n\t\t\t\t<\/div>\n\t\t","protected":false},"excerpt":{"rendered":"<p>Canale di trasparenza di Gametia All&#8217;interno del Gruppo Next Clinics, ci impegniamo a raggiungere l&#8217;eccellenza e a sviluppare la nostra attivit\u00e0 con onest\u00e0, apertura e integrit\u00e0, aderendo alla pi\u00f9 rigorosa condotta etica nel fornire servizi di alta qualit\u00e0 ai nostri pazienti. Tutto il personale di Next Clinics deve rispettare questi standard elevati e ha il [&hellip;]<\/p>\n","protected":false},"author":1,"featured_media":0,"parent":0,"menu_order":1,"comment_status":"closed","ping_status":"closed","template":"","meta":{"footnotes":""},"class_list":["post-5186","page","type-page","status-publish","hentry"],"yoast_head":"<!-- This site is optimized with the Yoast SEO Premium plugin v27.2 (Yoast SEO v27.2) - https:\/\/yoast.com\/product\/yoast-seo-premium-wordpress\/ -->\n<title>Transparenza - gametia.com<\/title>\n<meta name=\"robots\" content=\"index, follow, max-snippet:-1, max-image-preview:large, max-video-preview:-1\" \/>\n<link rel=\"canonical\" href=\"https:\/\/gametia.com\/it\/transparenza\/\" \/>\n<meta property=\"og:locale\" content=\"it_IT\" \/>\n<meta property=\"og:type\" content=\"article\" \/>\n<meta property=\"og:title\" content=\"Transparenza\" \/>\n<meta property=\"og:description\" content=\"Canale di trasparenza di Gametia All&#8217;interno del Gruppo Next Clinics, ci impegniamo a raggiungere l&#8217;eccellenza e a sviluppare la nostra attivit\u00e0 con onest\u00e0, apertura e integrit\u00e0, aderendo alla pi\u00f9 rigorosa condotta etica nel fornire servizi di alta qualit\u00e0 ai nostri pazienti. Tutto il personale di Next Clinics deve rispettare questi standard elevati e ha il [&hellip;]\" \/>\n<meta property=\"og:url\" content=\"https:\/\/gametia.com\/it\/transparenza\/\" \/>\n<meta property=\"og:site_name\" content=\"gametia.com\" \/>\n<meta property=\"article:modified_time\" content=\"2024-10-16T11:25:39+00:00\" \/>\n<meta property=\"og:image\" content=\"https:\/\/gametia.com\/wp-content\/uploads\/2023\/10\/gametia.png\" \/>\n\t<meta property=\"og:image:width\" content=\"1200\" \/>\n\t<meta property=\"og:image:height\" content=\"675\" \/>\n\t<meta property=\"og:image:type\" content=\"image\/png\" \/>\n<meta name=\"twitter:card\" content=\"summary_large_image\" \/>\n<meta name=\"twitter:label1\" content=\"Tempo di lettura stimato\" \/>\n\t<meta name=\"twitter:data1\" content=\"8 minuti\" \/>\n<script type=\"application\/ld+json\" class=\"yoast-schema-graph\">{\"@context\":\"https:\/\/schema.org\",\"@graph\":[{\"@type\":\"WebPage\",\"@id\":\"https:\/\/gametia.com\/it\/transparenza\/\",\"url\":\"https:\/\/gametia.com\/it\/transparenza\/\",\"name\":\"Transparenza - gametia.com\",\"isPartOf\":{\"@id\":\"https:\/\/gametia.com\/it\/#website\"},\"datePublished\":\"2023-12-04T21:21:30+00:00\",\"dateModified\":\"2024-10-16T11:25:39+00:00\",\"breadcrumb\":{\"@id\":\"https:\/\/gametia.com\/it\/transparenza\/#breadcrumb\"},\"inLanguage\":\"it-IT\",\"potentialAction\":[{\"@type\":\"ReadAction\",\"target\":[\"https:\/\/gametia.com\/it\/transparenza\/\"]}]},{\"@type\":\"BreadcrumbList\",\"@id\":\"https:\/\/gametia.com\/it\/transparenza\/#breadcrumb\",\"itemListElement\":[{\"@type\":\"ListItem\",\"position\":1,\"name\":\"Home\",\"item\":\"https:\/\/gametia.com\/it\/\"},{\"@type\":\"ListItem\",\"position\":2,\"name\":\"Transparenza\"}]},{\"@type\":\"WebSite\",\"@id\":\"https:\/\/gametia.com\/it\/#website\",\"url\":\"https:\/\/gametia.com\/it\/\",\"name\":\"gametia.com\",\"description\":\"Gametia - Biobank\",\"publisher\":{\"@id\":\"https:\/\/gametia.com\/it\/#organization\"},\"potentialAction\":[{\"@type\":\"SearchAction\",\"target\":{\"@type\":\"EntryPoint\",\"urlTemplate\":\"https:\/\/gametia.com\/it\/?s={search_term_string}\"},\"query-input\":{\"@type\":\"PropertyValueSpecification\",\"valueRequired\":true,\"valueName\":\"search_term_string\"}}],\"inLanguage\":\"it-IT\"},{\"@type\":\"Organization\",\"@id\":\"https:\/\/gametia.com\/it\/#organization\",\"name\":\"Gametia Biobank\",\"url\":\"https:\/\/gametia.com\/it\/\",\"logo\":{\"@type\":\"ImageObject\",\"inLanguage\":\"it-IT\",\"@id\":\"https:\/\/gametia.com\/it\/#\/schema\/logo\/image\/\",\"url\":\"https:\/\/gametia.com\/wp-content\/uploads\/2023\/10\/logo-gametia.png\",\"contentUrl\":\"https:\/\/gametia.com\/wp-content\/uploads\/2023\/10\/logo-gametia.png\",\"width\":696,\"height\":696,\"caption\":\"Gametia Biobank\"},\"image\":{\"@id\":\"https:\/\/gametia.com\/it\/#\/schema\/logo\/image\/\"},\"sameAs\":[\"https:\/\/www.linkedin.com\/company\/gametia\"]}]}<\/script>\n<!-- \/ Yoast SEO Premium plugin. -->","yoast_head_json":{"title":"Transparenza - gametia.com","robots":{"index":"index","follow":"follow","max-snippet":"max-snippet:-1","max-image-preview":"max-image-preview:large","max-video-preview":"max-video-preview:-1"},"canonical":"https:\/\/gametia.com\/it\/transparenza\/","og_locale":"it_IT","og_type":"article","og_title":"Transparenza","og_description":"Canale di trasparenza di Gametia All&#8217;interno del Gruppo Next Clinics, ci impegniamo a raggiungere l&#8217;eccellenza e a sviluppare la nostra attivit\u00e0 con onest\u00e0, apertura e integrit\u00e0, aderendo alla pi\u00f9 rigorosa condotta etica nel fornire servizi di alta qualit\u00e0 ai nostri pazienti. Tutto il personale di Next Clinics deve rispettare questi standard elevati e ha il [&hellip;]","og_url":"https:\/\/gametia.com\/it\/transparenza\/","og_site_name":"gametia.com","article_modified_time":"2024-10-16T11:25:39+00:00","og_image":[{"width":1200,"height":675,"url":"https:\/\/gametia.com\/wp-content\/uploads\/2023\/10\/gametia.png","type":"image\/png"}],"twitter_card":"summary_large_image","twitter_misc":{"Tempo di lettura stimato":"8 minuti"},"schema":{"@context":"https:\/\/schema.org","@graph":[{"@type":"WebPage","@id":"https:\/\/gametia.com\/it\/transparenza\/","url":"https:\/\/gametia.com\/it\/transparenza\/","name":"Transparenza - gametia.com","isPartOf":{"@id":"https:\/\/gametia.com\/it\/#website"},"datePublished":"2023-12-04T21:21:30+00:00","dateModified":"2024-10-16T11:25:39+00:00","breadcrumb":{"@id":"https:\/\/gametia.com\/it\/transparenza\/#breadcrumb"},"inLanguage":"it-IT","potentialAction":[{"@type":"ReadAction","target":["https:\/\/gametia.com\/it\/transparenza\/"]}]},{"@type":"BreadcrumbList","@id":"https:\/\/gametia.com\/it\/transparenza\/#breadcrumb","itemListElement":[{"@type":"ListItem","position":1,"name":"Home","item":"https:\/\/gametia.com\/it\/"},{"@type":"ListItem","position":2,"name":"Transparenza"}]},{"@type":"WebSite","@id":"https:\/\/gametia.com\/it\/#website","url":"https:\/\/gametia.com\/it\/","name":"gametia.com","description":"Gametia - Biobank","publisher":{"@id":"https:\/\/gametia.com\/it\/#organization"},"potentialAction":[{"@type":"SearchAction","target":{"@type":"EntryPoint","urlTemplate":"https:\/\/gametia.com\/it\/?s={search_term_string}"},"query-input":{"@type":"PropertyValueSpecification","valueRequired":true,"valueName":"search_term_string"}}],"inLanguage":"it-IT"},{"@type":"Organization","@id":"https:\/\/gametia.com\/it\/#organization","name":"Gametia Biobank","url":"https:\/\/gametia.com\/it\/","logo":{"@type":"ImageObject","inLanguage":"it-IT","@id":"https:\/\/gametia.com\/it\/#\/schema\/logo\/image\/","url":"https:\/\/gametia.com\/wp-content\/uploads\/2023\/10\/logo-gametia.png","contentUrl":"https:\/\/gametia.com\/wp-content\/uploads\/2023\/10\/logo-gametia.png","width":696,"height":696,"caption":"Gametia Biobank"},"image":{"@id":"https:\/\/gametia.com\/it\/#\/schema\/logo\/image\/"},"sameAs":["https:\/\/www.linkedin.com\/company\/gametia"]}]}},"_links":{"self":[{"href":"https:\/\/gametia.com\/it\/wp-json\/wp\/v2\/pages\/5186","targetHints":{"allow":["GET"]}}],"collection":[{"href":"https:\/\/gametia.com\/it\/wp-json\/wp\/v2\/pages"}],"about":[{"href":"https:\/\/gametia.com\/it\/wp-json\/wp\/v2\/types\/page"}],"author":[{"embeddable":true,"href":"https:\/\/gametia.com\/it\/wp-json\/wp\/v2\/users\/1"}],"replies":[{"embeddable":true,"href":"https:\/\/gametia.com\/it\/wp-json\/wp\/v2\/comments?post=5186"}],"version-history":[{"count":4,"href":"https:\/\/gametia.com\/it\/wp-json\/wp\/v2\/pages\/5186\/revisions"}],"predecessor-version":[{"id":5302,"href":"https:\/\/gametia.com\/it\/wp-json\/wp\/v2\/pages\/5186\/revisions\/5302"}],"wp:attachment":[{"href":"https:\/\/gametia.com\/it\/wp-json\/wp\/v2\/media?parent=5186"}],"curies":[{"name":"wp","href":"https:\/\/api.w.org\/{rel}","templated":true}]}}