{"id":5188,"date":"2022-07-01T10:30:42","date_gmt":"2022-07-01T10:30:42","guid":{"rendered":"https:\/\/gametia.com\/avviso-legale\/"},"modified":"2025-02-18T15:24:11","modified_gmt":"2025-02-18T15:24:11","slug":"avviso-legale","status":"publish","type":"page","link":"https:\/\/gametia.com\/it\/avviso-legale\/","title":{"rendered":"Avviso legale"},"content":{"rendered":"\t\t<div data-elementor-type=\"wp-page\" data-elementor-id=\"5188\" class=\"elementor elementor-5188 elementor-2399\" data-elementor-post-type=\"page\">\n\t\t\t\t\t\t<section class=\"elementor-section elementor-top-section elementor-element elementor-element-3951751f elementor-section-boxed elementor-section-height-default elementor-section-height-default\" data-id=\"3951751f\" data-element_type=\"section\" data-e-type=\"section\">\n\t\t\t\t\t\t<div class=\"elementor-container elementor-column-gap-default\">\n\t\t\t\t\t<div class=\"elementor-column elementor-col-100 elementor-top-column elementor-element elementor-element-5c8b96f5\" data-id=\"5c8b96f5\" data-element_type=\"column\" data-e-type=\"column\">\n\t\t\t<div class=\"elementor-widget-wrap elementor-element-populated\">\n\t\t\t\t\t\t<div class=\"elementor-element elementor-element-31881b4 animated-slow elementor-invisible elementor-widget elementor-widget-heading\" data-id=\"31881b4\" data-element_type=\"widget\" data-e-type=\"widget\" data-settings=\"{&quot;_animation&quot;:&quot;fadeInDown&quot;}\" data-widget_type=\"heading.default\">\n\t\t\t\t<div class=\"elementor-widget-container\">\n\t\t\t\t\t<h1 class=\"elementor-heading-title elementor-size-default\">Avviso legale<\/h1>\t\t\t\t<\/div>\n\t\t\t\t<\/div>\n\t\t\t\t<div data-dce-text-color=\"#FFFFFF\" class=\"elementor-element elementor-element-fdd154d elementor-invisible elementor-widget elementor-widget-text-editor\" data-id=\"fdd154d\" data-element_type=\"widget\" data-e-type=\"widget\" data-settings=\"{&quot;_animation&quot;:&quot;fadeInDown&quot;,&quot;_animation_delay&quot;:150}\" data-widget_type=\"text-editor.default\">\n\t\t\t\t<div class=\"elementor-widget-container\">\n\t\t\t\t\t\t\t\t\t<p>Nextclinics Spain, S.L.U., responsabile del sito web, mette a disposizione degli utenti il presente documento, con il quale intende adempiere agli obblighi previsti dalla Legge 34\/2002, dell&#8217;11 Luglio, sui Servizi della Societ\u00e0 dell&#8217;Informazione e del Commercio Elettronico (LSSICE), nonch\u00e9 informare tutti gli utenti del sito web in merito alle condizioni di utilizzo.<\/p><p>Chiunque acceda a questo sito web assume il ruolo di utente, impegnandosi all&#8217;osservanza e al rigoroso rispetto delle disposizioni qui contenute, nonch\u00e9 di qualsiasi altra disposizione di legge applicabile.<\/p><p>Nextclinics Spain, S.L.U. si riserva il diritto di modificare qualsiasi tipo di informazione che possa comparire sul sito web, senza alcun obbligo di preavviso o di informazione agli utenti, intendendo come sufficiente la pubblicazione sul sito web https:\/\/gametia.com\/.<\/p><p>Nexclinics Spagna S.L.U. con le sue cliniche Next Fertility Sevilla (Ceifer Biobanco Sevilla S.L.) NICA: 26414 EU Codice TE: ES006261; Successivo Fertility Huelva (Cegira Huelva S.L.L.) NICA: 24201 EU Codice TE: ES006294: Gametia Biobank (Centro Studi e Ricerche sulla Fertilit\u00e0 S.L.) NICA: 50596 Codice TE: ES010005; IEF Madrid (Istituto Europeo di Fertilit\u00e0 S.L.) Numero di licenza: CS 10951 Codice EU TE: ES006091; Successivo Fertility Valencia (Istituto di Medicina della Riproduzione S.A.U.) Numero di licenza: 2979 Codice EU TE: ES007256; Next Fertility Murcia (Next Fertility Murcia S.L.) Numero di licenza: 30800014 Codice EU TE: ES006069; Successivo Fertility Burgos (ART Burgos Centro Ginecol\u00f3gico de Reproducto S.L.) Numero di licenza: 09-C252-0003 Codice EU TE: ES012955; Net Fertility Vitoria (ART Vitoria Centro Ginecol\u00f3gico de Reproducto S.L.) Numero di licenza: 01.C.2.5.28696 Codice EU TE: ES006056, fornisce i contenuti e i servizi disponibili sul Sito, soggetti alle seguenti Condizioni di navigazione (di seguito, \u201cCondizioni di navigazione\u201d) e all&#8217;Informativa sulla privacy (di seguito, \u201cInformativa sulla privacy\u201d).<\/p><h2>1. DATI DI IDENTIFICAZIONE<\/h2><p>Nome di dominio: https:\/\/gametia.com\/<br \/>Nome commerciale: GAMETIA BIOBANK<br \/>Nome della societ\u00e0: Nextclinics Spain, S.L.U.<br \/>ID FISCALE: B98959232<br \/>Sede legale: Avenida Burjassot 3, 46009 Valencia.<br \/>E-mail: <a href=\"mailto:rgpd@gametia.com\" target=\"_blank\" rel=\"noopener\">rgpd@gametia.com<\/a><br \/>Iscrizione nel Registro Mercantile di VALENCIA Volume 10448, L 7729, F 108, S 8, H V 180280, I\/A4<\/p><h2>2. DIRITTI DI PROPRIET\u00c0 INTELLETTUALE E INDUSTRIALE<\/h2><p>2 LEGGE 34\/2002 SUL COMMERCIO ELETTRONICO E I SERVIZI DELLA SOCIET\u00c0 DELL&#8217;INFORMAZIONE<\/p><p>Il sito web, compresi, a titolo esemplificativo e non esaustivo, la programmazione, la redazione, la compilazione e gli altri elementi necessari al suo funzionamento, i disegni, i loghi, i testi e\/o la grafica, sono di propriet\u00e0 della PARTE RESPONSABILE o, eventualmente, di chi dispone di una licenza o di un&#8217;autorizzazione espressa da parte degli autori.<\/p><p>Indipendentemente dallo scopo per cui sono stati concepiti, la riproduzione totale o parziale, l&#8217;uso, lo sfruttamento, la distribuzione e la commercializzazione richiedono in ogni caso la previa autorizzazione scritta del RESPONSABILE. Qualsiasi utilizzo non autorizzato \u00e8 considerato una grave violazione dei diritti di propriet\u00e0 intellettuale o industriale dell&#8217;autore.<\/p><p>I disegni, i loghi, i testi e\/o la grafica che non appartengono al RESPONSABILE e che possono comparire sul sito web appartengono ai rispettivi proprietari, e sono essi stessi responsabili di ogni possibile controversia che possa sorgere in merito. Il RESPONSABILE autorizza espressamente i terzi a reindirizzare direttamente ai contenuti specifici del sito web, e in ogni caso a reindirizzare al sito principale https:\/\/gametia.com\/.<\/p><p>Il RESPONSABILE riconosce i corrispondenti diritti di propriet\u00e0 intellettuale e industriale a favore dei loro proprietari, e la semplice menzione o apparizione sul sito web non implica l&#8217;esistenza di alcun diritto o responsabilit\u00e0 su di essi, n\u00e9 alcun avallo, sponsorizzazione o raccomandazione da parte del RESPONSABILE.<\/p><p>Per qualsiasi tipo di osservazione su eventuali violazioni dei diritti di propriet\u00e0 intellettuale o industriale, nonch\u00e9 su qualsiasi contenuto del sito web, \u00e8 possibile inviare un&#8217;e-mail a <a href=\"mailto:protecciondedatos@next-clinics.com\" target=\"_blank\" rel=\"noopener\">protecciondedatos@next-clinics.com<\/a>.<\/p><h2>3. ESENZIONE DI RESPONSABILIT\u00c0<\/h2><p>Il RESPONSABILE \u00e8 esente da qualsiasi tipo di responsabilit\u00e0 derivante dalle informazioni pubblicate sul suo sito web, a condizione che tali informazioni siano state manipolate o introdotte da terzi esterni allo stesso.<\/p><h3>Politica relativa ai collegamenti<\/h3><p>Dal sito web \u00e8 possibile che l&#8217;utente venga reindirizzato a contenuti di siti web di terzi. Poich\u00e9 il RESPONSABILE non pu\u00f2 sempre controllare i contenuti introdotti da terzi nei rispettivi siti web, non si assume alcun tipo di responsabilit\u00e0 rispetto a tali contenuti. In ogni caso, proceder\u00e0 all&#8217;immediata rimozione di qualsiasi contenuto che possa contravvenire alla legislazione nazionale o internazionale, alla morale o all&#8217;ordine pubblico, procedendo all&#8217;immediato ritiro del reindirizzamento a tale sito web, informando le autorit\u00e0 competenti del contenuto in questione.<\/p><p>Il RESPONSABILE non si assume alcuna responsabilit\u00e0 delle informazioni e dei contenuti memorizzati, inclusi, ma non limitati a, forum, chat, generatori di blog, commenti, social network o qualsiasi altro mezzo che permetta a terzi di pubblicare contenuti in modo indipendente sul sito web del RESPONSABILE.<\/p><p>Tuttavia, in conformit\u00e0 alle disposizioni degli articoli 11 e 16 della LSSICE, si mette a disposizione di tutti gli utenti, delle autorit\u00e0 e delle forze di sicurezza, collaborando attivamente alla rimozione o, eventualmente, al blocco di tutti i contenuti che possano pregiudicare o contravvenire alla legislazione nazionale o internazionale, ai diritti di terzi o al buon costume e all&#8217;ordine pubblico. Nel caso in cui l&#8217;utente ritenga che sul sito web siano presenti contenuti suscettibili di tale classificazione, \u00e8 invitato a comunicarlo immediatamente all&#8217;amministratore del sito.<\/p><h2>4. LEGGE APPLICABILE E GIURISDIZIONE<\/h2><p>Questo sito web \u00e8 soggetto alla legge spagnola, e in caso di controversie o dispute derivanti dall&#8217;uso di questo sito web entrambe le parti si sottomettono alla giurisdizione dei tribunali della citt\u00e0 di Valencia (Spagna). Questa clausola di espressa sottomissione ai tribunali della citt\u00e0 di Valencia non sar\u00e0 applicabile in caso di controversie con utenti del sito web che, secondo la legislazione vigente, sono consumatori, nel qual caso entrambe le parti saranno soggette alla giurisdizione delle Corti e dei Tribunali della residenza del consumatore.<\/p><p>Allo stesso modo, in questi casi, il fornitore e l&#8217;utente possono sottoporre i loro conflitti all&#8217;arbitrato previsto dalla legislazione sull&#8217;arbitrato e sulla difesa dei consumatori e degli utenti, nonch\u00e9 alle procedure di risoluzione extragiudiziale dei conflitti stabilite mediante codici di condotta o altri strumenti di autoregolamentazione.<\/p><p>Qualora un cliente appartenente all\u2019Unione Europea, ad eccezione della Spagna, non approvi i prodotti o i servizi contrattati, pu\u00f2 andare al seguente link per presentare il relativo reclamo: <a href=\"http:\/\/ec.europa.eu\/consumers\/odr\/\" target=\"_blank\" rel=\"noopener\">http:\/\/ec.europa.eu\/consumers\/odr\/<\/a><\/p>\t\t\t\t\t\t\t\t<\/div>\n\t\t\t\t<\/div>\n\t\t<!-- dce invisible element 2dad317 -->\t\t\t<\/div>\n\t\t<\/div>\n\t\t\t\t\t<\/div>\n\t\t<\/section>\n\t\t\t\t<\/div>\n\t\t","protected":false},"excerpt":{"rendered":"<p>Nextclinics Spain, S.L.U., responsabile del sito web, mette a disposizione degli utenti il presente documento, con il quale intende adempiere agli obblighi previsti dalla Legge 34\/2002, dell&#8217;11 Luglio, sui Servizi della Societ\u00e0 dell&#8217;Informazione e del Commercio Elettronico (LSSICE), nonch\u00e9 informare tutti gli utenti del sito web in merito alle condizioni di utilizzo. Chiunque acceda a [&hellip;]<\/p>\n","protected":false},"author":1,"featured_media":0,"parent":0,"menu_order":1,"comment_status":"closed","ping_status":"closed","template":"","meta":{"footnotes":""},"class_list":["post-5188","page","type-page","status-publish","hentry"],"yoast_head":"<!-- This site is optimized with the Yoast SEO Premium plugin v27.2 (Yoast SEO v27.2) - https:\/\/yoast.com\/product\/yoast-seo-premium-wordpress\/ -->\n<title>Avviso legale - gametia.com<\/title>\n<meta name=\"robots\" content=\"index, follow, max-snippet:-1, max-image-preview:large, max-video-preview:-1\" \/>\n<link rel=\"canonical\" href=\"https:\/\/gametia.com\/it\/avviso-legale\/\" \/>\n<meta property=\"og:locale\" content=\"it_IT\" \/>\n<meta property=\"og:type\" content=\"article\" \/>\n<meta property=\"og:title\" content=\"Avviso legale\" \/>\n<meta property=\"og:description\" content=\"Nextclinics Spain, S.L.U., responsabile del sito web, mette a disposizione degli utenti il presente documento, con il quale intende adempiere agli obblighi previsti dalla Legge 34\/2002, dell&#8217;11 Luglio, sui Servizi della Societ\u00e0 dell&#8217;Informazione e del Commercio Elettronico (LSSICE), nonch\u00e9 informare tutti gli utenti del sito web in merito alle condizioni di utilizzo. Chiunque acceda a [&hellip;]\" \/>\n<meta property=\"og:url\" content=\"https:\/\/gametia.com\/it\/avviso-legale\/\" \/>\n<meta property=\"og:site_name\" content=\"gametia.com\" \/>\n<meta property=\"article:modified_time\" content=\"2025-02-18T15:24:11+00:00\" \/>\n<meta property=\"og:image\" content=\"https:\/\/gametia.com\/wp-content\/uploads\/2023\/10\/gametia.png\" \/>\n\t<meta property=\"og:image:width\" content=\"1200\" \/>\n\t<meta property=\"og:image:height\" content=\"675\" \/>\n\t<meta property=\"og:image:type\" content=\"image\/png\" \/>\n<meta name=\"twitter:card\" content=\"summary_large_image\" \/>\n<meta name=\"twitter:label1\" content=\"Tempo di lettura stimato\" \/>\n\t<meta name=\"twitter:data1\" content=\"10 minuti\" \/>\n<script type=\"application\/ld+json\" class=\"yoast-schema-graph\">{\"@context\":\"https:\/\/schema.org\",\"@graph\":[{\"@type\":\"WebPage\",\"@id\":\"https:\/\/gametia.com\/it\/avviso-legale\/\",\"url\":\"https:\/\/gametia.com\/it\/avviso-legale\/\",\"name\":\"Avviso legale - gametia.com\",\"isPartOf\":{\"@id\":\"https:\/\/gametia.com\/it\/#website\"},\"datePublished\":\"2022-07-01T10:30:42+00:00\",\"dateModified\":\"2025-02-18T15:24:11+00:00\",\"breadcrumb\":{\"@id\":\"https:\/\/gametia.com\/it\/avviso-legale\/#breadcrumb\"},\"inLanguage\":\"it-IT\",\"potentialAction\":[{\"@type\":\"ReadAction\",\"target\":[\"https:\/\/gametia.com\/it\/avviso-legale\/\"]}]},{\"@type\":\"BreadcrumbList\",\"@id\":\"https:\/\/gametia.com\/it\/avviso-legale\/#breadcrumb\",\"itemListElement\":[{\"@type\":\"ListItem\",\"position\":1,\"name\":\"Home\",\"item\":\"https:\/\/gametia.com\/it\/\"},{\"@type\":\"ListItem\",\"position\":2,\"name\":\"Avviso legale\"}]},{\"@type\":\"WebSite\",\"@id\":\"https:\/\/gametia.com\/it\/#website\",\"url\":\"https:\/\/gametia.com\/it\/\",\"name\":\"gametia.com\",\"description\":\"Gametia - Biobank\",\"publisher\":{\"@id\":\"https:\/\/gametia.com\/it\/#organization\"},\"potentialAction\":[{\"@type\":\"SearchAction\",\"target\":{\"@type\":\"EntryPoint\",\"urlTemplate\":\"https:\/\/gametia.com\/it\/?s={search_term_string}\"},\"query-input\":{\"@type\":\"PropertyValueSpecification\",\"valueRequired\":true,\"valueName\":\"search_term_string\"}}],\"inLanguage\":\"it-IT\"},{\"@type\":\"Organization\",\"@id\":\"https:\/\/gametia.com\/it\/#organization\",\"name\":\"Gametia Biobank\",\"url\":\"https:\/\/gametia.com\/it\/\",\"logo\":{\"@type\":\"ImageObject\",\"inLanguage\":\"it-IT\",\"@id\":\"https:\/\/gametia.com\/it\/#\/schema\/logo\/image\/\",\"url\":\"https:\/\/gametia.com\/wp-content\/uploads\/2023\/10\/logo-gametia.png\",\"contentUrl\":\"https:\/\/gametia.com\/wp-content\/uploads\/2023\/10\/logo-gametia.png\",\"width\":696,\"height\":696,\"caption\":\"Gametia Biobank\"},\"image\":{\"@id\":\"https:\/\/gametia.com\/it\/#\/schema\/logo\/image\/\"},\"sameAs\":[\"https:\/\/www.linkedin.com\/company\/gametia\"]}]}<\/script>\n<!-- \/ Yoast SEO Premium plugin. -->","yoast_head_json":{"title":"Avviso legale - gametia.com","robots":{"index":"index","follow":"follow","max-snippet":"max-snippet:-1","max-image-preview":"max-image-preview:large","max-video-preview":"max-video-preview:-1"},"canonical":"https:\/\/gametia.com\/it\/avviso-legale\/","og_locale":"it_IT","og_type":"article","og_title":"Avviso legale","og_description":"Nextclinics Spain, S.L.U., responsabile del sito web, mette a disposizione degli utenti il presente documento, con il quale intende adempiere agli obblighi previsti dalla Legge 34\/2002, dell&#8217;11 Luglio, sui Servizi della Societ\u00e0 dell&#8217;Informazione e del Commercio Elettronico (LSSICE), nonch\u00e9 informare tutti gli utenti del sito web in merito alle condizioni di utilizzo. Chiunque acceda a [&hellip;]","og_url":"https:\/\/gametia.com\/it\/avviso-legale\/","og_site_name":"gametia.com","article_modified_time":"2025-02-18T15:24:11+00:00","og_image":[{"width":1200,"height":675,"url":"https:\/\/gametia.com\/wp-content\/uploads\/2023\/10\/gametia.png","type":"image\/png"}],"twitter_card":"summary_large_image","twitter_misc":{"Tempo di lettura stimato":"10 minuti"},"schema":{"@context":"https:\/\/schema.org","@graph":[{"@type":"WebPage","@id":"https:\/\/gametia.com\/it\/avviso-legale\/","url":"https:\/\/gametia.com\/it\/avviso-legale\/","name":"Avviso legale - gametia.com","isPartOf":{"@id":"https:\/\/gametia.com\/it\/#website"},"datePublished":"2022-07-01T10:30:42+00:00","dateModified":"2025-02-18T15:24:11+00:00","breadcrumb":{"@id":"https:\/\/gametia.com\/it\/avviso-legale\/#breadcrumb"},"inLanguage":"it-IT","potentialAction":[{"@type":"ReadAction","target":["https:\/\/gametia.com\/it\/avviso-legale\/"]}]},{"@type":"BreadcrumbList","@id":"https:\/\/gametia.com\/it\/avviso-legale\/#breadcrumb","itemListElement":[{"@type":"ListItem","position":1,"name":"Home","item":"https:\/\/gametia.com\/it\/"},{"@type":"ListItem","position":2,"name":"Avviso legale"}]},{"@type":"WebSite","@id":"https:\/\/gametia.com\/it\/#website","url":"https:\/\/gametia.com\/it\/","name":"gametia.com","description":"Gametia - Biobank","publisher":{"@id":"https:\/\/gametia.com\/it\/#organization"},"potentialAction":[{"@type":"SearchAction","target":{"@type":"EntryPoint","urlTemplate":"https:\/\/gametia.com\/it\/?s={search_term_string}"},"query-input":{"@type":"PropertyValueSpecification","valueRequired":true,"valueName":"search_term_string"}}],"inLanguage":"it-IT"},{"@type":"Organization","@id":"https:\/\/gametia.com\/it\/#organization","name":"Gametia Biobank","url":"https:\/\/gametia.com\/it\/","logo":{"@type":"ImageObject","inLanguage":"it-IT","@id":"https:\/\/gametia.com\/it\/#\/schema\/logo\/image\/","url":"https:\/\/gametia.com\/wp-content\/uploads\/2023\/10\/logo-gametia.png","contentUrl":"https:\/\/gametia.com\/wp-content\/uploads\/2023\/10\/logo-gametia.png","width":696,"height":696,"caption":"Gametia Biobank"},"image":{"@id":"https:\/\/gametia.com\/it\/#\/schema\/logo\/image\/"},"sameAs":["https:\/\/www.linkedin.com\/company\/gametia"]}]}},"_links":{"self":[{"href":"https:\/\/gametia.com\/it\/wp-json\/wp\/v2\/pages\/5188","targetHints":{"allow":["GET"]}}],"collection":[{"href":"https:\/\/gametia.com\/it\/wp-json\/wp\/v2\/pages"}],"about":[{"href":"https:\/\/gametia.com\/it\/wp-json\/wp\/v2\/types\/page"}],"author":[{"embeddable":true,"href":"https:\/\/gametia.com\/it\/wp-json\/wp\/v2\/users\/1"}],"replies":[{"embeddable":true,"href":"https:\/\/gametia.com\/it\/wp-json\/wp\/v2\/comments?post=5188"}],"version-history":[{"count":8,"href":"https:\/\/gametia.com\/it\/wp-json\/wp\/v2\/pages\/5188\/revisions"}],"predecessor-version":[{"id":6002,"href":"https:\/\/gametia.com\/it\/wp-json\/wp\/v2\/pages\/5188\/revisions\/6002"}],"wp:attachment":[{"href":"https:\/\/gametia.com\/it\/wp-json\/wp\/v2\/media?parent=5188"}],"curies":[{"name":"wp","href":"https:\/\/api.w.org\/{rel}","templated":true}]}}