{"id":563,"date":"2022-03-10T15:53:06","date_gmt":"2022-03-10T15:53:06","guid":{"rendered":"https:\/\/gametia.com\/privacy-policy\/"},"modified":"2024-10-16T11:07:38","modified_gmt":"2024-10-16T11:07:38","slug":"privacy-policy","status":"publish","type":"page","link":"https:\/\/gametia.com\/it\/privacy-policy\/","title":{"rendered":"Informativa sulla privacy"},"content":{"rendered":"\t\t<div data-elementor-type=\"wp-page\" data-elementor-id=\"563\" class=\"elementor elementor-563 elementor-3\" data-elementor-post-type=\"page\">\n\t\t\t\t\t\t<section class=\"elementor-section elementor-top-section elementor-element elementor-element-3951751f elementor-section-boxed elementor-section-height-default elementor-section-height-default\" data-id=\"3951751f\" data-element_type=\"section\" data-e-type=\"section\">\n\t\t\t\t\t\t<div class=\"elementor-container elementor-column-gap-default\">\n\t\t\t\t\t<div class=\"elementor-column elementor-col-100 elementor-top-column elementor-element elementor-element-5c8b96f5\" data-id=\"5c8b96f5\" data-element_type=\"column\" data-e-type=\"column\">\n\t\t\t<div class=\"elementor-widget-wrap elementor-element-populated\">\n\t\t\t\t\t\t<div class=\"elementor-element elementor-element-31881b4 animated-slow elementor-invisible elementor-widget elementor-widget-heading\" data-id=\"31881b4\" data-element_type=\"widget\" data-e-type=\"widget\" data-settings=\"{&quot;_animation&quot;:&quot;fadeInDown&quot;}\" data-widget_type=\"heading.default\">\n\t\t\t\t<div class=\"elementor-widget-container\">\n\t\t\t\t\t<h1 class=\"elementor-heading-title elementor-size-default\">Informativa sulla privacy<\/h1>\t\t\t\t<\/div>\n\t\t\t\t<\/div>\n\t\t\t\t<div data-dce-text-color=\"#FFFFFF\" class=\"elementor-element elementor-element-636b016f elementor-invisible elementor-widget elementor-widget-text-editor\" data-id=\"636b016f\" data-element_type=\"widget\" data-e-type=\"widget\" data-settings=\"{&quot;_animation&quot;:&quot;fadeInDown&quot;,&quot;_animation_delay&quot;:150}\" data-widget_type=\"text-editor.default\">\n\t\t\t\t<div class=\"elementor-widget-container\">\n\t\t\t\t\t\t\t\t\t<p>In <strong>GAMETIA BIOBANK<\/strong> ci impegniamo a proteggere la privacy. Vogliamo essere trasparenti sui dati che raccogliamo, sul modo in cui li utilizziamo e sui diritti di controllo dei dati da parte degli utenti.<\/p><h2><strong>1. Informazioni sull&#8217;utente<\/strong><\/h2><p>Nextclinics Spain, S.L.U. e le sue filiali (ovvero Ceifer Biobanco Sevilla, S.L.U., Centro de Estudio e Investigaci\u00f3n de la Fertilidad S.L. e Instituto de Medicina Reproductiva, S.A.) sono responsabili del trattamento dei dati personali dell&#8217;utente e informa che tali dati saranno trattati in conformit\u00e0 alle disposizioni del Regolamento (UE) 2016\/679 del 27 Aprile 2016 (GDPR) sulla protezione delle persone fisiche e della Legge Organica 3\/2018 del 5 dicembre (LOPDGDD), per quanto riguarda il trattamento dei dati personali e la libera circolazione di tali dati, e pertanto fornisce le seguenti informazioni sul trattamento:<\/p><h3>Per quale scopo trattiamo i dati personali?<\/h3><p>Trattiamo i dati degli interessati per la gestione e lo sviluppo delle comunicazioni (contatto con l&#8217;utente, risoluzione delle richieste, ecc.), nonch\u00e9 per rispondere ai servizi richiesti e per sviluppare la nostra attivit\u00e0. In questo senso:<\/p><ul><li>Nextclinics Spain, S.L.U.: per interconnettere gli utenti che richiedono informazioni rimandando il contatto a tale filiale in ragione della posizione geografica e\/o del tipo di servizio richiesto.<\/li><li>Centro de Estudio e Investigaci\u00f3n de la Fertilidad S.L.: per informare i contatti interessati alla banca del seme.<\/li><li>Ceifer Biobanco Sevilla, S.L.: per informare i contatti nazionali interessati all\u2019attivit\u00e0 della banca di ovociti.<\/li><li>Instituto de Medicina Reproductiva, S.A.: per informare i contatti internazionali interessati all\u2019attivit\u00e0 della banca di ovociti.<\/li><\/ul><h3>Che tipo di dati trattiamo?<\/h3><p>Oltre alle diverse modalit\u00e0 di acquisizione dei dati sopra menzionate, nonch\u00e9 alle diverse finalit\u00e0 di trattamento sopra descritte, vi informiamo che i tipi di dati che possiamo trattare nel nostro sistema informativo sono:<\/p><ul><li>Nome e cognome e dati relativi all&#8217;impiego.<\/li><li>Indirizzo e-mail.<\/li><li>Informazioni geografiche.<\/li><\/ul><h3>Per quanto tempo conserveremo i dati?<\/h3><p>I dati personali saranno conservati per tutto il tempo in cui manterremo un rapporto con l&#8217;utente, sia come cliente che come altro tipo di interessato; fino a quando l&#8217;utente non richieder\u00e0 la cancellazione di questi dati; o fino a quando ci sar\u00e0 una disposizione o un obbligo legale di conservazione di questi dati.<br \/>Quando i dati non saranno pi\u00f9 necessari per le finalit\u00e0 per cui sono stati raccolti, verranno cancellati, garantendone la riservatezza.<\/p><h3>Qual \u00e8 la base legittima per il trattamento dei dati?<\/h3><p>La base legittima per il trattamento dei dati sar\u00e0 il consenso, o il legittimo interesse del Titolare del trattamento a rispondere alle domande poste dagli utenti.<\/p><h3>A quali destinatari saranno comunicati i dati?<\/h3><p>I dati non saranno comunicati a terzi, a meno che non esiste un obbligo di legge.<\/p><h3>Quali sono i diritti dell\u2019utente relativi alla fornitura e\/ al trattamento dei dati?<\/h3><p>In qualit\u00e0 di soggetto interessato, \u00e8 possibile richiedere in qualsiasi momento di esercitare uno dei seguenti diritti di protezione dei dati:<\/p><ul><li><strong>Accesso ai dati:<\/strong> diritto di accedere ai propri dati per sapere quali dati personali riguardanti l\u2019utente stiamo trattando.<\/li><li><strong>Richiedere la rettifica o la cancellazione dei propri dati:<\/strong> in determinate circostanze, l&#8217;utente ha il diritto di rettificare i dati personali che ritiene inesatti e che lo riguardano e che sono trattati da LE ENTIT\u00c0, nonch\u00e9 il diritto di richiedere la cancellazione dei propri dati quando, tra le altre ragioni, i dati non sono pi\u00f9 necessari per le finalit\u00e0 per cui sono stati raccolti.<\/li><li><strong>Richiedere la limitazione del trattamento dei dati:<\/strong> in determinate circostanze, l\u2019utente ha il diritto di chiederci di limitare il trattamento dei dati; in tal caso, informeremo l\u2019utente che conserveremo i dati per i quali \u00e8 stata richiesta la limitazione del trattamento solo per l&#8217;esercizio o la difesa dei diritti.<\/li><li><strong>Alla portabilit\u00e0 dei dati<\/strong>: in determinate circostanze, l\u2019utente ha il diritto di ricevere i dati personali che lo riguardano e che ci ha fornito in un formato strutturato, di uso comune e leggibile da una macchina, e di farli trasferire dalla nostra azienda a un altro titolare del trattamento.<\/li><li><strong>Obiezione al trattamento dei dati:<\/strong> in determinate circostanze e per motivi legati alla sua situazione particolare, l\u2019utente ha il diritto di opporsi al trattamento dei dati; in tal caso ne interromperemo l&#8217;elaborazione, a meno che non sia necessario continuare a farlo per motivi legittimi impellenti o per l&#8217;esercizio o la difesa di eventuali diritti.<\/li><li>Il diritto di presentare un reclamo all&#8217;autorit\u00e0 di controllo se non ha ottenuto soddisfazione nell&#8217;esercizio dei suoi diritti; se ritiene che il trattamento non sia conforme alla normativa vigente, in questo caso deve presentarlo all&#8217;Agenzia spagnola per la protezione dei dati personali http:\/\/www.aepd.es.<\/li><\/ul><p>\u00c8 possibile esercitare i diritti sui dati personali attraverso uno dei seguenti canali:<\/p><h3>Titolare del trattamento dei dati:<\/h3><ul><li>Indirizzo postale: Avenida Burjassot 3, 46009 Valencia.<\/li><li>Indirizzo e-mail: rgpd@gametia.com<\/li><\/ul><h3>Contattare il nostro responsabile della protezione dei dati (DPO)<\/h3><p>Sapevi che abbiamo un responsabile della protezione dei dati a cui puoi inviare tutti i reclami, i dubbi e i suggerimenti sull&#8217;utilizzo dei dati personali?<\/p><p>I dati di contatto del nostro responsabile della protezione dei dati sono i seguenti:<\/p><p>Indirizzo e-mail: delegadodeprotecciondedatos@dataevalua.com. Nell&#8217;oggetto dell&#8217;e-mail scrivere &#8220;Gametia Biobank&#8221;.<\/p><h3>Invio di comunicazioni o informazioni<\/h3><p>La nostra politica di invio di informazioni per via telematica (e-mail, messaggistica istantanea, ecc.) si limita all&#8217;invio di comunicazioni che riteniamo di interesse per i nostri utenti e interessati, in relazione alle funzioni e all&#8217;attivit\u00e0 dell&#8217;azienda, o che gli utenti hanno acconsentito a ricevere.<\/p><p>Se preferisci non ricevere questi messaggi, ti offriremo attraverso di essi la possibilit\u00e0 di esercitare il diritto di cancellazione e di rinuncia alla ricezione di questi messaggi, in conformit\u00e0 alle disposizioni del Titolo III, articolo 22 della Legge 34\/2002 dei Servizi per la Societ\u00e0 dell&#8217;Informazione e il Commercio Elettronico.<\/p><h2>2. NATURA OBBLIGATORIA O FACOLTATIVA DELLE INFORMAZIONI FORNITE DALL&#8217;UTENTE<\/h2><p>Gli utenti, spuntando le caselle corrispondenti e inserendo i dati nei campi del modulo di offerta, accettano espressamente, liberamente e inequivocabilmente che i loro dati sono necessari al fornitore per gestire la richiesta, mentre l&#8217;inserimento dei dati nei campi rimanenti \u00e8 volontario.<\/p><p>L&#8217;utente garantisce che i dati forniti sono veritieri, accurati, completi e aggiornati, ed \u00e8 responsabile di qualsiasi danno o perdita, diretta o indiretta, che possa derivare dal mancato rispetto di tale obbligo.<br \/>Nel caso in cui l&#8217;utente fornisca dati di terzi, garantisce di aver informato tali terzi di tutti gli aspetti contenuti nella presente Informativa sulla privacy e di aver ottenuto il loro consenso a fornirci i loro dati ai fini del trattamento in questione. Tutto ci\u00f2, prima della fornitura dei dati da parte di terzi.<\/p><p>Nel caso in cui non vengano forniti tutti i dati, non si garantisce che le informazioni e i servizi forniti siano completamente adeguati alle esigenze dell&#8217;utente.<\/p>\t\t\t\t\t\t\t\t<\/div>\n\t\t\t\t<\/div>\n\t\t\t\t\t<\/div>\n\t\t<\/div>\n\t\t\t\t\t<\/div>\n\t\t<\/section>\n\t\t\t\t<\/div>\n\t\t","protected":false},"excerpt":{"rendered":"<p>In GAMETIA BIOBANK ci impegniamo a proteggere la privacy. Vogliamo essere trasparenti sui dati che raccogliamo, sul modo in cui li utilizziamo e sui diritti di controllo dei dati da parte degli utenti. 1. Informazioni sull&#8217;utente Nextclinics Spain, S.L.U. e le sue filiali (ovvero Ceifer Biobanco Sevilla, S.L.U., Centro de Estudio e Investigaci\u00f3n de la [&hellip;]<\/p>\n","protected":false},"author":1,"featured_media":0,"parent":0,"menu_order":1,"comment_status":"closed","ping_status":"closed","template":"","meta":{"footnotes":""},"class_list":["post-563","page","type-page","status-publish","hentry"],"yoast_head":"<!-- This site is optimized with the Yoast SEO Premium plugin v27.2 (Yoast SEO v27.2) - https:\/\/yoast.com\/product\/yoast-seo-premium-wordpress\/ -->\n<title>Informativa sulla privacy - gametia.com<\/title>\n<meta name=\"robots\" content=\"index, follow, max-snippet:-1, max-image-preview:large, max-video-preview:-1\" \/>\n<link rel=\"canonical\" href=\"https:\/\/gametia.com\/it\/privacy-policy\/\" \/>\n<meta property=\"og:locale\" content=\"it_IT\" \/>\n<meta property=\"og:type\" content=\"article\" \/>\n<meta property=\"og:title\" content=\"Informativa sulla privacy\" \/>\n<meta property=\"og:description\" content=\"In GAMETIA BIOBANK ci impegniamo a proteggere la privacy. Vogliamo essere trasparenti sui dati che raccogliamo, sul modo in cui li utilizziamo e sui diritti di controllo dei dati da parte degli utenti. 1. Informazioni sull&#8217;utente Nextclinics Spain, S.L.U. e le sue filiali (ovvero Ceifer Biobanco Sevilla, S.L.U., Centro de Estudio e Investigaci\u00f3n de la [&hellip;]\" \/>\n<meta property=\"og:url\" content=\"https:\/\/gametia.com\/it\/privacy-policy\/\" \/>\n<meta property=\"og:site_name\" content=\"gametia.com\" \/>\n<meta property=\"article:modified_time\" content=\"2024-10-16T11:07:38+00:00\" \/>\n<meta property=\"og:image\" content=\"https:\/\/gametia.com\/wp-content\/uploads\/2023\/10\/gametia.png\" \/>\n\t<meta property=\"og:image:width\" content=\"1200\" \/>\n\t<meta property=\"og:image:height\" content=\"675\" \/>\n\t<meta property=\"og:image:type\" content=\"image\/png\" \/>\n<meta name=\"twitter:card\" content=\"summary_large_image\" \/>\n<meta name=\"twitter:label1\" content=\"Tempo di lettura stimato\" \/>\n\t<meta name=\"twitter:data1\" content=\"6 minuti\" \/>\n<script type=\"application\/ld+json\" class=\"yoast-schema-graph\">{\"@context\":\"https:\/\/schema.org\",\"@graph\":[{\"@type\":\"WebPage\",\"@id\":\"https:\/\/gametia.com\/it\/privacy-policy\/\",\"url\":\"https:\/\/gametia.com\/it\/privacy-policy\/\",\"name\":\"Informativa sulla privacy - gametia.com\",\"isPartOf\":{\"@id\":\"https:\/\/gametia.com\/it\/#website\"},\"datePublished\":\"2022-03-10T15:53:06+00:00\",\"dateModified\":\"2024-10-16T11:07:38+00:00\",\"breadcrumb\":{\"@id\":\"https:\/\/gametia.com\/it\/privacy-policy\/#breadcrumb\"},\"inLanguage\":\"it-IT\",\"potentialAction\":[{\"@type\":\"ReadAction\",\"target\":[\"https:\/\/gametia.com\/it\/privacy-policy\/\"]}]},{\"@type\":\"BreadcrumbList\",\"@id\":\"https:\/\/gametia.com\/it\/privacy-policy\/#breadcrumb\",\"itemListElement\":[{\"@type\":\"ListItem\",\"position\":1,\"name\":\"Home\",\"item\":\"https:\/\/gametia.com\/it\/\"},{\"@type\":\"ListItem\",\"position\":2,\"name\":\"Informativa sulla privacy\"}]},{\"@type\":\"WebSite\",\"@id\":\"https:\/\/gametia.com\/it\/#website\",\"url\":\"https:\/\/gametia.com\/it\/\",\"name\":\"gametia.com\",\"description\":\"Gametia - Biobank\",\"publisher\":{\"@id\":\"https:\/\/gametia.com\/it\/#organization\"},\"potentialAction\":[{\"@type\":\"SearchAction\",\"target\":{\"@type\":\"EntryPoint\",\"urlTemplate\":\"https:\/\/gametia.com\/it\/?s={search_term_string}\"},\"query-input\":{\"@type\":\"PropertyValueSpecification\",\"valueRequired\":true,\"valueName\":\"search_term_string\"}}],\"inLanguage\":\"it-IT\"},{\"@type\":\"Organization\",\"@id\":\"https:\/\/gametia.com\/it\/#organization\",\"name\":\"Gametia Biobank\",\"url\":\"https:\/\/gametia.com\/it\/\",\"logo\":{\"@type\":\"ImageObject\",\"inLanguage\":\"it-IT\",\"@id\":\"https:\/\/gametia.com\/it\/#\/schema\/logo\/image\/\",\"url\":\"https:\/\/gametia.com\/wp-content\/uploads\/2023\/10\/logo-gametia.png\",\"contentUrl\":\"https:\/\/gametia.com\/wp-content\/uploads\/2023\/10\/logo-gametia.png\",\"width\":696,\"height\":696,\"caption\":\"Gametia Biobank\"},\"image\":{\"@id\":\"https:\/\/gametia.com\/it\/#\/schema\/logo\/image\/\"},\"sameAs\":[\"https:\/\/www.linkedin.com\/company\/gametia\"]}]}<\/script>\n<!-- \/ Yoast SEO Premium plugin. -->","yoast_head_json":{"title":"Informativa sulla privacy - gametia.com","robots":{"index":"index","follow":"follow","max-snippet":"max-snippet:-1","max-image-preview":"max-image-preview:large","max-video-preview":"max-video-preview:-1"},"canonical":"https:\/\/gametia.com\/it\/privacy-policy\/","og_locale":"it_IT","og_type":"article","og_title":"Informativa sulla privacy","og_description":"In GAMETIA BIOBANK ci impegniamo a proteggere la privacy. Vogliamo essere trasparenti sui dati che raccogliamo, sul modo in cui li utilizziamo e sui diritti di controllo dei dati da parte degli utenti. 1. Informazioni sull&#8217;utente Nextclinics Spain, S.L.U. e le sue filiali (ovvero Ceifer Biobanco Sevilla, S.L.U., Centro de Estudio e Investigaci\u00f3n de la [&hellip;]","og_url":"https:\/\/gametia.com\/it\/privacy-policy\/","og_site_name":"gametia.com","article_modified_time":"2024-10-16T11:07:38+00:00","og_image":[{"width":1200,"height":675,"url":"https:\/\/gametia.com\/wp-content\/uploads\/2023\/10\/gametia.png","type":"image\/png"}],"twitter_card":"summary_large_image","twitter_misc":{"Tempo di lettura stimato":"6 minuti"},"schema":{"@context":"https:\/\/schema.org","@graph":[{"@type":"WebPage","@id":"https:\/\/gametia.com\/it\/privacy-policy\/","url":"https:\/\/gametia.com\/it\/privacy-policy\/","name":"Informativa sulla privacy - gametia.com","isPartOf":{"@id":"https:\/\/gametia.com\/it\/#website"},"datePublished":"2022-03-10T15:53:06+00:00","dateModified":"2024-10-16T11:07:38+00:00","breadcrumb":{"@id":"https:\/\/gametia.com\/it\/privacy-policy\/#breadcrumb"},"inLanguage":"it-IT","potentialAction":[{"@type":"ReadAction","target":["https:\/\/gametia.com\/it\/privacy-policy\/"]}]},{"@type":"BreadcrumbList","@id":"https:\/\/gametia.com\/it\/privacy-policy\/#breadcrumb","itemListElement":[{"@type":"ListItem","position":1,"name":"Home","item":"https:\/\/gametia.com\/it\/"},{"@type":"ListItem","position":2,"name":"Informativa sulla privacy"}]},{"@type":"WebSite","@id":"https:\/\/gametia.com\/it\/#website","url":"https:\/\/gametia.com\/it\/","name":"gametia.com","description":"Gametia - Biobank","publisher":{"@id":"https:\/\/gametia.com\/it\/#organization"},"potentialAction":[{"@type":"SearchAction","target":{"@type":"EntryPoint","urlTemplate":"https:\/\/gametia.com\/it\/?s={search_term_string}"},"query-input":{"@type":"PropertyValueSpecification","valueRequired":true,"valueName":"search_term_string"}}],"inLanguage":"it-IT"},{"@type":"Organization","@id":"https:\/\/gametia.com\/it\/#organization","name":"Gametia Biobank","url":"https:\/\/gametia.com\/it\/","logo":{"@type":"ImageObject","inLanguage":"it-IT","@id":"https:\/\/gametia.com\/it\/#\/schema\/logo\/image\/","url":"https:\/\/gametia.com\/wp-content\/uploads\/2023\/10\/logo-gametia.png","contentUrl":"https:\/\/gametia.com\/wp-content\/uploads\/2023\/10\/logo-gametia.png","width":696,"height":696,"caption":"Gametia Biobank"},"image":{"@id":"https:\/\/gametia.com\/it\/#\/schema\/logo\/image\/"},"sameAs":["https:\/\/www.linkedin.com\/company\/gametia"]}]}},"_links":{"self":[{"href":"https:\/\/gametia.com\/it\/wp-json\/wp\/v2\/pages\/563","targetHints":{"allow":["GET"]}}],"collection":[{"href":"https:\/\/gametia.com\/it\/wp-json\/wp\/v2\/pages"}],"about":[{"href":"https:\/\/gametia.com\/it\/wp-json\/wp\/v2\/types\/page"}],"author":[{"embeddable":true,"href":"https:\/\/gametia.com\/it\/wp-json\/wp\/v2\/users\/1"}],"replies":[{"embeddable":true,"href":"https:\/\/gametia.com\/it\/wp-json\/wp\/v2\/comments?post=563"}],"version-history":[{"count":14,"href":"https:\/\/gametia.com\/it\/wp-json\/wp\/v2\/pages\/563\/revisions"}],"predecessor-version":[{"id":5295,"href":"https:\/\/gametia.com\/it\/wp-json\/wp\/v2\/pages\/563\/revisions\/5295"}],"wp:attachment":[{"href":"https:\/\/gametia.com\/it\/wp-json\/wp\/v2\/media?parent=563"}],"curies":[{"name":"wp","href":"https:\/\/api.w.org\/{rel}","templated":true}]}}